{"id":2,"date":"2025-07-31T14:49:28","date_gmt":"2025-07-31T14:49:28","guid":{"rendered":"https:\/\/ptcenter.de\/?page_id=2"},"modified":"2026-05-08T07:31:23","modified_gmt":"2026-05-08T07:31:23","slug":"leistungen","status":"publish","type":"page","link":"https:\/\/ptacenter.com\/en\/leistungen\/","title":{"rendered":"Services"},"content":{"rendered":"<div class=\"et_pb_section_0 et_pb_section et_section_specialty et_pb_gutters3 et_block_section\"><div class=\"et_pb_row et_block_row\">\n<div class=\"et_pb_column_0 et_pb_column et_pb_column_single et_pb_column_1_3 et_block_column et_pb_css_mix_blend_mode_passthrough\">\n<div class=\"et_pb_text_0 et_pb_text et_pb_bg_layout_light et_pb_module et_block_module\"><div class=\"et_pb_text_inner\"><h1>Unsere Leistungen<\/h1>\n<\/div><\/div>\n\n<div class=\"et_pb_module et_pb_button_module_wrapper et_pb_button_0_wrapper\"><a class=\"et_pb_button_0 et_pb_button et_pb_bg_layout_dark et_pb_module et_block_module\" href=\"https:\/\/ptacenter.com\/en\/kontakt\/\">Jetzt Termin ausmachen<\/a><\/div>\n<\/div>\n\n<div class=\"et_pb_column_1 et_pb_column et_pb_specialty_column et_pb_column_2_3 et-last-child et_block_column et_pb_css_mix_blend_mode_passthrough\">\n<div class=\"et_pb_row_inner_0 et_pb_row_inner et_pb_equal_columns et_pb_gutters1 et_block_row\">\n<div class=\"et_pb_column_inner_0 et_pb_column_inner et_pb_column et_pb_column_1_3 et_block_column et_pb_css_mix_blend_mode_passthrough\">\n<div class=\"et_pb_blurb_0 et_pb_blurb et_pb_bg_layout_light et_pb_text_align_center et_pb_blurb_position_top et_pb_module et_block_module\"><div class=\"et_pb_blurb_content\"><div class=\"et_pb_main_blurb_image\"><span class=\"et_pb_image_wrap et_pb_only_image_mode_wrap\"><img decoding=\"async\" src=\"https:\/\/ptacenter.com\/wp-content\/uploads\/2026\/05\/1-150x150.png\" class=\"wp-image-990\" title=\"1\" alt=\"PTA Center Physio 1\" \/><\/span><\/div><div class=\"et_pb_blurb_container\"><h4 class=\"et_pb_module_header\">Physiotherapie <\/h4><\/div><\/div><\/div>\n<\/div>\n\n<div class=\"et_pb_column_inner_1 et_pb_column_inner et_pb_column et_pb_column_1_3 et-last-child et_block_column et_pb_css_mix_blend_mode_passthrough\">\n<div class=\"et_pb_blurb_1 et_pb_blurb et_pb_bg_layout_dark et_pb_text_align_center et_pb_blurb_position_top et_pb_module et_block_module\"><div class=\"et_pb_blurb_content\"><div class=\"et_pb_main_blurb_image\"><span class=\"et_pb_image_wrap et_pb_only_image_mode_wrap\"><img decoding=\"async\" src=\"https:\/\/ptacenter.com\/wp-content\/uploads\/2026\/05\/2-150x150.png\" class=\"wp-image-991\" title=\"2\" \/><\/span><\/div><div class=\"et_pb_blurb_container\"><h4 class=\"et_pb_module_header\">Sporttherapie <\/h4><\/div><\/div><\/div>\n<\/div>\n<\/div>\n\n<div class=\"et_pb_row_inner_1 et_pb_row_inner et_pb_equal_columns et_pb_gutters1 et_block_row\">\n<div class=\"et_pb_column_inner_2 et_pb_column_inner et_pb_column et_pb_column_1_3 et_block_column et_pb_css_mix_blend_mode_passthrough\">\n<div class=\"et_pb_blurb_2 et_pb_blurb et_pb_bg_layout_dark et_pb_text_align_center et_pb_blurb_position_top et_pb_module et_block_module\"><div class=\"et_pb_blurb_content\"><div class=\"et_pb_main_blurb_image\"><span class=\"et_pb_image_wrap et_pb_only_image_mode_wrap\"><img decoding=\"async\" src=\"https:\/\/ptacenter.com\/wp-content\/uploads\/2026\/05\/3-150x150.png\" class=\"wp-image-992\" title=\"3\" \/><\/span><\/div><div class=\"et_pb_blurb_container\"><h4 class=\"et_pb_module_header\">Internationaler Service<\/h4><\/div><\/div><\/div>\n<\/div>\n\n<div class=\"et_pb_column_inner_3 et_pb_column_inner et_pb_column et_pb_column_1_3 et-last-child et_block_column et_pb_css_mix_blend_mode_passthrough\">\n<div class=\"et_pb_blurb_3 et_pb_blurb et_pb_bg_layout_dark et_pb_text_align_center et_pb_blurb_position_top et_pb_module et_block_module\"><div class=\"et_pb_blurb_content\"><div class=\"et_pb_main_blurb_image\"><span class=\"et_pb_image_wrap et_pb_only_image_mode_wrap\"><img decoding=\"async\" src=\"https:\/\/ptacenter.com\/wp-content\/uploads\/2026\/05\/4-150x150.png\" class=\"wp-image-993\" title=\"4\" \/><\/span><\/div><div class=\"et_pb_blurb_container\"><h4 class=\"et_pb_module_header\">Weitere Leistungen<\/h4><\/div><\/div><\/div>\n<\/div>\n<\/div>\n<\/div>\n<\/div><\/div>\n\n<div class=\"et_pb_section_1 et_pb_section et_section_regular et_block_section\">\n<div class=\"et_pb_row_0 et_pb_row et-vb-row--no-module et_flex_row\">\n<div class=\"et_pb_column_2 et_pb_column et_flex_column et_pb_column_empty et_pb_css_mix_blend_mode_passthrough et_flex_column_24_24 et_flex_column_24_24_tablet et_flex_column_24_24_phone\"><\/div>\n\n<div class=\"et_pb_column_3 et_pb_column et-last-child et_flex_column et_pb_column_empty et_pb_css_mix_blend_mode_passthrough et_flex_column_24_24 et_flex_column_24_24_tablet et_flex_column_24_24_phone\"><\/div>\n<\/div>\n\n<div class=\"et_pb_row_1 et_pb_row et-vb-row--no-module et_flex_row\">\n<div class=\"et_pb_column_4 et_pb_column et-last-child et_flex_column et_pb_column_empty et_pb_css_mix_blend_mode_passthrough et_flex_column_24_24 et_flex_column_24_24_tablet et_flex_column_24_24_phone\"><\/div>\n<\/div>\n\n<div class=\"et_pb_row_2 et_pb_row et_pb_equal_columns et_pb_gutters1 et_block_row et_clickable\">\n<div class=\"et_pb_column_5 et_pb_column et_pb_column_1_3 et_block_column et_pb_css_mix_blend_mode_passthrough et_animated et_clickable\">\n<div class=\"et_pb_heading_0 et_pb_heading et_pb_module et_flex_module\"><div class=\"et_pb_heading_container\"><h1 class=\"et_pb_module_header\">Physiotherapie<\/h1><\/div><\/div>\n\n<div class=\"et_pb_text_1 et_pb_text et_pb_bg_layout_dark et_pb_module et_block_module\"><div class=\"et_pb_text_inner\"><h3>Krankengymnastik<\/h3>\n<\/div><\/div>\n\n<div class=\"et_pb_text_2 et_pb_text et_pb_bg_layout_dark et_pb_module et_block_module\"><div class=\"et_pb_text_inner\"><h3>Manuelle Therapie<\/h3>\n<\/div><\/div>\n\n<div class=\"et_pb_text_3 et_pb_text et_pb_bg_layout_dark et_pb_module et_block_module\"><div class=\"et_pb_text_inner\"><h3>Krankengymnastik am Ger\u00e4t<\/h3>\n<\/div><\/div>\n\n<div class=\"et_pb_text_4 et_pb_text et_pb_bg_layout_dark et_pb_module et_block_module\"><div class=\"et_pb_text_inner\"><h3>Manuelle Lymphdrainage<\/h3>\n<\/div><\/div>\n\n<div class=\"et_pb_text_5 et_pb_text et_pb_bg_layout_dark et_pb_module et_block_module\"><div class=\"et_pb_text_inner\"><h3>Atemtherapie<\/h3>\n<\/div><\/div>\n\n<div class=\"et_pb_text_6 et_pb_text et_pb_bg_layout_dark et_pb_module et_block_module\"><div class=\"et_pb_text_inner\"><h3>Kiefergelenksbehandlung<\/h3>\n<\/div><\/div>\n<\/div>\n\n<div class=\"et_pb_column_6 et_pb_column et_pb_column_1_3 et_block_column et_pb_css_mix_blend_mode_passthrough et_animated et_clickable\">\n<div class=\"et_pb_heading_1 et_pb_heading et_pb_module et_flex_module\"><div class=\"et_pb_heading_container\"><h1 class=\"et_pb_module_header\">Sporttherapie<\/h1><\/div><\/div>\n\n<div class=\"et_pb_text_7 et_pb_text et_pb_bg_layout_dark et_pb_module et_block_module\"><div class=\"et_pb_text_inner\"><h3><span style=\"color: #ffffff;\">Medizinische Trainingstherapie<\/span><\/h3>\n<\/div><\/div>\n\n<div class=\"et_pb_text_8 et_pb_text et_pb_bg_layout_dark et_pb_module et_block_module\"><div class=\"et_pb_text_inner\"><h3><span style=\"color: #ffffff;\">Faszientherapie<\/span><\/h3>\n<\/div><\/div>\n\n<div class=\"et_pb_text_9 et_pb_text et_pb_bg_layout_dark et_pb_module et_block_module\"><div class=\"et_pb_text_inner\"><h3><span style=\"color: #ffffff;\">Tapeverb\u00e4nde<\/span><\/h3>\n<\/div><\/div>\n\n<div class=\"et_pb_text_10 et_pb_text et_pb_bg_layout_dark et_clickable et_pb_module et_block_module\"><div class=\"et_pb_text_inner\"><h3><span style=\"color: #ffffff;\">Personal Training<\/span><\/h3>\n<p><span style=\"color: #ffffff;\"><\/span><\/p>\n<\/div><\/div>\n<\/div>\n\n<div class=\"et_pb_column_7 et_pb_column et_pb_column_1_3 et_block_column et_pb_css_mix_blend_mode_passthrough et_animated et_clickable\">\n<div class=\"et_pb_heading_2 et_pb_heading et_pb_module et_flex_module\"><div class=\"et_pb_heading_container\"><h1 class=\"et_pb_module_header\">Internationaler Service<\/h1><\/div><\/div>\n\n<div class=\"et_pb_text_11 et_pb_text et_pb_bg_layout_dark et_pb_module et_block_module\"><div class=\"et_pb_text_inner\"><h3 data-start=\"146\" data-end=\"203\">Betreuung auf h\u00f6chstem Niveau<\/h3>\n<\/div><\/div>\n\n<div class=\"et_pb_text_12 et_pb_text et_pb_bg_layout_dark et_pb_module et_block_module\"><div class=\"et_pb_text_inner\"><h3 data-start=\"445\" data-end=\"486\">Individuelle medizinische Betreuung<\/h3>\n<\/div><\/div>\n\n<div class=\"et_pb_text_13 et_pb_text et_pb_bg_layout_dark et_pb_module et_block_module\"><div class=\"et_pb_text_inner\"><h3 data-start=\"1182\" data-end=\"1212\">Behandlungen &amp; Therapien<\/h3>\n<\/div><\/div>\n\n<div class=\"et_pb_text_14 et_pb_text et_pb_bg_layout_dark et_pb_module et_block_module\"><div class=\"et_pb_text_inner\"><h3 data-start=\"1438\" data-end=\"1463\">Freizeit &amp; Erlebnis<\/h3>\n<\/div><\/div>\n<\/div>\n\n<div class=\"et_pb_column_8 et_pb_column et_pb_column_1_3 et-last-child et_block_column et_pb_css_mix_blend_mode_passthrough et_animated et_clickable\">\n<div class=\"et_pb_heading_3 et_pb_heading et_pb_module et_flex_module\"><div class=\"et_pb_heading_container\"><h1 class=\"et_pb_module_header\">Weitere Leistungen<\/h1><\/div><\/div>\n\n<div class=\"et_pb_text_15 et_pb_text et_pb_bg_layout_dark et_pb_module et_block_module\"><div class=\"et_pb_text_inner\"><h3>Elektrotherapie<\/h3>\n<\/div><\/div>\n\n<div class=\"et_pb_text_16 et_pb_text et_pb_bg_layout_dark et_pb_module et_block_module\"><div class=\"et_pb_text_inner\"><h3>W\u00e4rmetherapie<\/h3>\n<\/div><\/div>\n\n<div class=\"et_pb_text_17 et_pb_text et_pb_bg_layout_dark et_pb_module et_block_module\"><div class=\"et_pb_text_inner\"><h3>Compression Boots<\/h3>\n<\/div><\/div>\n\n<div class=\"et_pb_text_18 et_pb_text et_pb_bg_layout_dark et_pb_module et_block_module\"><div class=\"et_pb_text_inner\"><h3>Icebein<\/h3>\n<\/div><\/div>\n<\/div>\n<\/div>\n\n<div class=\"et_pb_row_3 et_pb_row et-vb-row--no-module et_flex_row\">\n<div class=\"et_pb_column_9 et_pb_column et-last-child et_flex_column et_pb_column_empty et_pb_css_mix_blend_mode_passthrough et_flex_column_24_24 et_flex_column_24_24_tablet et_flex_column_24_24_phone\"><\/div>\n<\/div>\n\n<div class=\"et_pb_row_4 et_pb_row et-vb-row--no-module et_flex_row\">\n<div class=\"et_pb_column_10 et_pb_column et_flex_column et_pb_column_empty et_pb_css_mix_blend_mode_passthrough et_flex_column_24_24 et_flex_column_24_24_tablet et_flex_column_24_24_phone\"><\/div>\n\n<div class=\"et_pb_column_11 et_pb_column et-last-child et_flex_column et_pb_column_empty et_pb_css_mix_blend_mode_passthrough et_flex_column_24_24 et_flex_column_24_24_tablet et_flex_column_24_24_phone\"><\/div>\n<\/div>\n\n<div class=\"et_pb_row_5 et_pb_row et_pb_row_1-4_1-4_1-2 et_pb_equal_columns et_pb_gutters1 et_block_row et_block_row_1-4_1-4_1-2\">\n<div class=\"et_pb_column_12 et_pb_column et_pb_column_1_4 et_block_column et_pb_css_mix_blend_mode_passthrough\">\n<div class=\"et_pb_image_0 et_pb_image et_animated et_pb_module et_block_module\"><span class=\"et_pb_image_wrap\"><img loading=\"lazy\" decoding=\"async\" src=\"https:\/\/ptacenter.com\/wp-content\/uploads\/2026\/05\/pta-center-physio6.png\" alt=\"PTA Center Physio 6\" title=\"pta-center-physio6\" width=\"600\" height=\"600\" srcset=\"https:\/\/ptacenter.com\/wp-content\/uploads\/2026\/05\/pta-center-physio6.png 600w, https:\/\/ptacenter.com\/wp-content\/uploads\/2026\/05\/pta-center-physio6-480x480.png 480w\" sizes=\"(min-width: 0px) and (max-width: 480px) 480px, (min-width: 481px) 600px, 100vw\" class=\"wp-image-854\" \/><\/span><\/div>\n\n<div class=\"et_pb_image_1 et_pb_image et_animated et_pb_module et_block_module\"><span class=\"et_pb_image_wrap\"><img loading=\"lazy\" decoding=\"async\" src=\"https:\/\/ptacenter.com\/wp-content\/uploads\/2026\/05\/pta-center-physio1.png\" alt=\"PTA Center Physio 1\" title=\"pta-center-physio1\" width=\"600\" height=\"600\" srcset=\"https:\/\/ptacenter.com\/wp-content\/uploads\/2026\/05\/pta-center-physio1.png 600w, https:\/\/ptacenter.com\/wp-content\/uploads\/2026\/05\/pta-center-physio1-480x480.png 480w\" sizes=\"(min-width: 0px) and (max-width: 480px) 480px, (min-width: 481px) 600px, 100vw\" class=\"wp-image-849\" \/><\/span><\/div>\n<\/div>\n\n<div class=\"et_pb_column_13 et_pb_column et_pb_column_1_4 et_block_column et_pb_css_mix_blend_mode_passthrough\">\n<div class=\"et_pb_image_2 et_pb_image et_animated et_pb_module et_block_module\"><span class=\"et_pb_image_wrap\"><img loading=\"lazy\" decoding=\"async\" src=\"https:\/\/ptacenter.com\/wp-content\/uploads\/2026\/05\/pta-center-physio2.png\" title=\"pta-center-physio2\" width=\"600\" height=\"600\" srcset=\"https:\/\/ptacenter.com\/wp-content\/uploads\/2026\/05\/pta-center-physio2.png 600w, https:\/\/ptacenter.com\/wp-content\/uploads\/2026\/05\/pta-center-physio2-480x480.png 480w\" sizes=\"(min-width: 0px) and (max-width: 480px) 480px, (min-width: 481px) 600px, 100vw\" class=\"wp-image-850\" \/><\/span><\/div>\n\n<div class=\"et_pb_image_3 et_pb_image et_animated et_pb_module et_block_module\"><span class=\"et_pb_image_wrap\"><img loading=\"lazy\" decoding=\"async\" src=\"https:\/\/ptacenter.com\/wp-content\/uploads\/2026\/05\/pta-center-physio4.png\" title=\"pta-center-physio4\" width=\"600\" height=\"600\" srcset=\"https:\/\/ptacenter.com\/wp-content\/uploads\/2026\/05\/pta-center-physio4.png 600w, https:\/\/ptacenter.com\/wp-content\/uploads\/2026\/05\/pta-center-physio4-480x480.png 480w\" sizes=\"(min-width: 0px) and (max-width: 480px) 480px, (min-width: 481px) 600px, 100vw\" class=\"wp-image-852\" \/><\/span><\/div>\n<\/div>\n\n<div class=\"et_pb_column_14 et_pb_column et_pb_column_1_2 et-last-child et_block_column et_pb_css_mix_blend_mode_passthrough\">\n<div class=\"et_pb_text_19 et_pb_text et_pb_bg_layout_light et_pb_module et_block_module\"><div class=\"et_pb_text_inner\"><h2>Physiotherapie in Stuttgart - Mitte!<\/h2>\n<\/div><\/div>\n\n<div class=\"et_pb_text_20 et_pb_text et_pb_bg_layout_light et_pb_module et_block_module\"><div class=\"et_pb_text_inner\"><div data-testid=\"markdown-response\">\n<div>\n<p id=\"message\"><span>Auf dieser Seite finden Sie einen \u00dcberblick \u00fcber die Leistungen unserer Physiotherapiepraxis.<\/span><\/p>\n<\/div>\n<\/div>\n<div data-testid=\"markdown-response\">\n<div><\/div>\n<\/div>\n<div data-testid=\"markdown-response\">\n<div>\n<p id=\"message\"><span>Wenn Sie unsicher sind, welche Behandlung f\u00fcr Sie die richtige ist oder welche Verordnung zu Ihrem Beschwerdebild passt, sind wir gerne pers\u00f6nlich f\u00fcr Sie da.<\/span><\/p>\n<\/div>\n<\/div>\n<div data-testid=\"markdown-response\">\n<div><\/div>\n<\/div>\n<div data-testid=\"markdown-response\">\n<div>\n<p id=\"message\"><strong><span>Rufen Sie uns einfach an<\/span><\/strong><span> \u2013 wir beraten Sie unverbindlich und finden gemeinsam heraus, welche Leistung am besten zu Ihnen und Ihrer aktuellen Situation passt.<\/span><\/p>\n<\/div>\n<\/div>\n<\/div><\/div>\n\n<div class=\"et_pb_blurb_4 et_pb_blurb et_pb_bg_layout_light et_pb_blurb_position_left et_pb_module et_block_module\"><div class=\"et_pb_blurb_content\"><div class=\"et_pb_blurb_container\"><h3 class=\"et_pb_module_header\">Jetzt anrufen<\/h3><div class=\"et_pb_blurb_description\" data-et-mv-hidden-phone=\"true\"><p><span>+49 711 91289136\u00a0<\/span><\/p>\n<\/div><\/div><\/div><\/div>\n\n<div class=\"et_pb_module et_pb_button_module_wrapper et_pb_button_1_wrapper\"><a class=\"et_pb_button_1 et_pb_button et_pb_bg_layout_dark et_pb_module et_block_module\" href=\"https:\/\/ptacenter.com\/en\/kontakt\/\">Kontakt<\/a><\/div>\n<\/div>\n<\/div>\n\n<div class=\"et_pb_row_6 et_pb_row et-vb-row--no-module et_flex_row\">\n<div class=\"et_pb_column_15 et_pb_column et_flex_column et_pb_column_empty et_pb_css_mix_blend_mode_passthrough et_flex_column_24_24 et_flex_column_24_24_tablet et_flex_column_24_24_phone\"><\/div>\n\n<div class=\"et_pb_column_16 et_pb_column et-last-child et_flex_column et_pb_column_empty et_pb_css_mix_blend_mode_passthrough et_flex_column_24_24 et_flex_column_24_24_tablet et_flex_column_24_24_phone\"><\/div>\n<\/div>\n\n<div class=\"et_pb_row_7 et_pb_row et_block_row\">\n<div class=\"et_pb_column_17 et_pb_column et_pb_column_1_3 et_block_column et_pb_css_mix_blend_mode_passthrough\">\n<div class=\"et_pb_toggle_0 et_pb_toggle et_pb_toggle_item et_pb_toggle_close et_pb_module et_block_module\"><h5 class=\"et_pb_toggle_title\"> R\u00fcckenschmerzen<\/h5><div class=\"et_pb_toggle_content clearfix\"><div data-testid=\"markdown-response\">\n<div>\n<p id=\"message\"><strong><span>Was steckt dahinter?<\/span><\/strong><br \/><span>R\u00fcckenschmerzen geh\u00f6ren zu den h\u00e4ufigsten Gr\u00fcnden, warum Patient:innen eine Physiotherapie aufsuchen. Ursachen k\u00f6nnen verspannte Muskulatur, Fehlhaltungen, Bewegungsmangel oder auch Bandscheibenvorf\u00e4lle sein.<\/span><\/p>\n<\/div>\n<\/div>\n<div data-testid=\"markdown-response\">\n<div><\/div>\n<\/div>\n<div data-testid=\"markdown-response\">\n<div>\n<p id=\"message\"><strong><span>Was wir in der Physiotherapie tun:<\/span><\/strong><\/p>\n<\/div>\n<\/div>\n<div data-testid=\"markdown-response\">\n<div>\n<ul>\n<li node=\"[object Object]\"><span>gezielte \u00dcbungen zur Kr\u00e4ftigung der Rumpf- und R\u00fcckenmuskulatur<\/span><\/li>\n<li node=\"[object Object]\"><span>Mobilisation der Wirbels\u00e4ule und gelenknaher Strukturen<\/span><\/li>\n<li node=\"[object Object]\"><span>manuelle Techniken zur L\u00f6sung von Verspannungen<\/span><\/li>\n<li node=\"[object Object]\"><span>Haltungsschulung und Tipps f\u00fcr den Alltag (z.B. Arbeitsplatz, Heben\/Tragen)<\/span><\/li>\n<\/ul>\n<\/div>\n<\/div>\n<\/div><\/div>\n\n<div class=\"et_pb_toggle_1 et_pb_toggle et_pb_toggle_item et_pb_toggle_close et_pb_module et_block_module\"><h5 class=\"et_pb_toggle_title\">Operationen<\/h5><div class=\"et_pb_toggle_content clearfix\"><div data-testid=\"markdown-response\">\n<div>\n<p id=\"message\"><strong><span>Was steckt dahinter?<\/span><\/strong><br \/><span>Nach Operationen, wie etwa einem Gelenkersatz (Endoprothese) oder einer Kreuzband-OP, ist es wichtig, fr\u00fchzeitig und gezielt zu trainieren, um Beweglichkeit, Kraft und Stabilit\u00e4t wieder aufzubauen.<\/span><\/p>\n<\/div>\n<\/div>\n<div data-testid=\"markdown-response\">\n<div><\/div>\n<\/div>\n<div data-testid=\"markdown-response\">\n<div>\n<p id=\"message\"><strong><span>Was wir in der Physiotherapie tun:<\/span><\/strong><\/p>\n<\/div>\n<\/div>\n<div data-testid=\"markdown-response\">\n<div>\n<ul>\n<li node=\"[object Object]\"><span>schrittweiser Aufbau von Beweglichkeit und Belastbarkeit<\/span><\/li>\n<li node=\"[object Object]\"><span>Muskelaufbau mit individuell abgestimmten \u00dcbungen<\/span><\/li>\n<li node=\"[object Object]\"><span>Narben- und Weichteilbehandlung (wenn erforderlich)<\/span><\/li>\n<li node=\"[object Object]\"><span>Trainingsanleitung f\u00fcr den Alltag und zur R\u00fcckkehr in Sport und Beruf<\/span><\/li>\n<\/ul>\n<\/div>\n<\/div>\n<\/div><\/div>\n<\/div>\n\n<div class=\"et_pb_column_18 et_pb_column et_pb_column_1_3 et_block_column et_pb_css_mix_blend_mode_passthrough\">\n<div class=\"et_pb_toggle_2 et_pb_toggle et_pb_toggle_item et_pb_toggle_close et_pb_module et_block_module\"><h5 class=\"et_pb_toggle_title\">Nackenschmerzen<\/h5><div class=\"et_pb_toggle_content clearfix\"><div data-testid=\"markdown-response\">\n<div>\n<p id=\"message\"><span>L\u00e4ngeres Sitzen am Schreibtisch, Stress oder einseitige Belastungen f\u00fchren h\u00e4ufig zu Verspannungen im Nacken- und Schulterbereich. Das kann bis in Arme und H\u00e4nde ausstrahlen und zu Kopfschmerzen oder Bewegungseinschr\u00e4nkungen f\u00fchren.<\/span><\/p>\n<\/div>\n<\/div>\n<div data-testid=\"markdown-response\">\n<div><\/div>\n<\/div>\n<div data-testid=\"markdown-response\">\n<div>\n<p id=\"message\"><strong><span>Was wir in der Physiotherapie tun:<\/span><\/strong><\/p>\n<\/div>\n<\/div>\n<div data-testid=\"markdown-response\">\n<div>\n<ul>\n<li node=\"[object Object]\"><span>manuelle Techniken zur L\u00f6sung von Muskelverspannungen<\/span><\/li>\n<li node=\"[object Object]\"><span>Mobilisation von Halswirbels\u00e4ule und Schultergelenk<\/span><\/li>\n<li node=\"[object Object]\"><span>\u00dcbungen zur Haltungsverbesserung und Stabilisierung<\/span><\/li>\n<li node=\"[object Object]\"><span>Eigen\u00fcbungen f\u00fcr zu Hause zur langfristigen Entlastung<\/span><\/li>\n<\/ul>\n<\/div>\n<\/div>\n<\/div><\/div>\n\n<div class=\"et_pb_toggle_3 et_pb_toggle et_pb_toggle_item et_pb_toggle_close et_pb_module et_block_module\"><h5 class=\"et_pb_toggle_title\">Sportverletzungen<\/h5><div class=\"et_pb_toggle_content clearfix\"><div data-testid=\"markdown-response\">\n<div>\n<p id=\"message\"><strong><span>Was steckt dahinter?<\/span><\/strong><br \/><span>Verstauchungen, Muskelfaserrisse, B\u00e4nderdehnungen oder -risse treten h\u00e4ufig im Sport auf. Ohne gezielte Nachbehandlung bleibt oft eine Restschw\u00e4che oder Instabilit\u00e4t zur\u00fcck.<\/span><\/p>\n<\/div>\n<\/div>\n<div data-testid=\"markdown-response\">\n<div><\/div>\n<\/div>\n<div data-testid=\"markdown-response\">\n<div>\n<p id=\"message\"><strong><span>Was wir in der Physiotherapie tun:<\/span><\/strong><\/p>\n<\/div>\n<\/div>\n<div data-testid=\"markdown-response\">\n<div>\n<ul>\n<li node=\"[object Object]\"><span>schmerzarme Mobilisation nach der Akutphase<\/span><\/li>\n<li node=\"[object Object]\"><span>funktionelles Training zur Stabilisation und Koordination<\/span><\/li>\n<li node=\"[object Object]\"><span>sportartspezifischer Kraftaufbau<\/span><\/li>\n<li node=\"[object Object]\"><span>Pr\u00e4ventionstipps, um erneute Verletzungen zu vermeiden<\/span><\/li>\n<\/ul>\n<\/div>\n<\/div>\n<\/div><\/div>\n<\/div>\n\n<div class=\"et_pb_column_19 et_pb_column et_pb_column_1_3 et-last-child et_block_column et_pb_css_mix_blend_mode_passthrough\">\n<div class=\"et_pb_toggle_4 et_pb_toggle et_pb_toggle_item et_pb_toggle_close et_pb_module et_block_module\"><h5 class=\"et_pb_toggle_title\">Arthrose<\/h5><div class=\"et_pb_toggle_content clearfix\"><div data-testid=\"markdown-response\">\n<div>\n<p id=\"message\"><strong><span>Was steckt dahinter?<\/span><\/strong><br \/><span>Arthrose ist ein Verschlei\u00df der Gelenke, der mit zunehmendem Alter, nach Verletzungen oder bei \u00dcberlastung auftreten kann. Typisch sind Schmerzen bei Belastung, Anlaufschmerzen oder eingeschr\u00e4nkte Beweglichkeit.<\/span><\/p>\n<\/div>\n<\/div>\n<div data-testid=\"markdown-response\">\n<div><\/div>\n<\/div>\n<div data-testid=\"markdown-response\">\n<div>\n<p id=\"message\"><strong><span>Was wir in der Physiotherapie tun:<\/span><\/strong><\/p>\n<\/div>\n<\/div>\n<div data-testid=\"markdown-response\">\n<div>\n<ul>\n<li node=\"[object Object]\"><span>schonende Mobilisation des betroffenen Gelenks<\/span><\/li>\n<li node=\"[object Object]\"><span>gezielter Muskelaufbau zur Entlastung des Gelenks<\/span><\/li>\n<li node=\"[object Object]\"><span>Gangschulung und Bewegungsanleitung im Alltag<\/span><\/li>\n<li node=\"[object Object]\"><span>Beratung zu gelenkschonendem Verhalten und geeigneten Sportarten<\/span><\/li>\n<\/ul>\n<\/div>\n<\/div>\n<\/div><\/div>\n\n<div class=\"et_pb_toggle_5 et_pb_toggle et_pb_toggle_item et_pb_toggle_close et_pb_module et_block_module\"><h5 class=\"et_pb_toggle_title\"> Chronische Schmerzen<\/h5><div class=\"et_pb_toggle_content clearfix\"><div data-testid=\"markdown-response\">\n<div>\n<p id=\"message\"><span>Manche Beschwerden bestehen \u00fcber l\u00e4ngere Zeit, ohne dass immer eine eindeutige Ursache gefunden wird. H\u00e4ufig sind mehrere Faktoren beteiligt: Muskulatur, Gelenke, Haltung, aber auch Stress und Alltagsgewohnheiten.<\/span><\/p>\n<\/div>\n<\/div>\n<div data-testid=\"markdown-response\">\n<div><\/div>\n<\/div>\n<div data-testid=\"markdown-response\">\n<div>\n<p id=\"message\"><strong><span>Was wir in der Physiotherapie tun:<\/span><\/strong><\/p>\n<\/div>\n<\/div>\n<div data-testid=\"markdown-response\">\n<div>\n<ul>\n<li node=\"[object Object]\"><span>ganzheitliche Betrachtung von Haltung, Bewegung und Alltag<\/span><\/li>\n<li node=\"[object Object]\"><span>sanfte Mobilisationen und manuelle Techniken<\/span><\/li>\n<li node=\"[object Object]\"><span>individuelles \u00dcbungsprogramm zur langfristigen Stabilisierung<\/span><\/li>\n<li node=\"[object Object]\"><span>Aufkl\u00e4rung und Beratung, wie Sie selbst aktiv zu weniger Schmerz beitragen k\u00f6nnen<\/span><\/li>\n<\/ul>\n<\/div>\n<\/div>\n<\/div><\/div>\n<\/div>\n<\/div>\n<\/div>\n\n<div class=\"et_pb_section_2 et_pb_section et_section_specialty et_pb_gutters3 et_block_section\"><div class=\"et_pb_row et_block_row\"><\/div><\/div>","protected":false},"excerpt":{"rendered":"","protected":false},"author":1,"featured_media":0,"parent":0,"menu_order":0,"comment_status":"closed","ping_status":"closed","template":"","meta":{"om_disable_all_campaigns":false,"_monsterinsights_skip_tracking":false,"_monsterinsights_sitenote_active":false,"_monsterinsights_sitenote_note":"","_monsterinsights_sitenote_category":0,"footnotes":""},"class_list":["post-2","page","type-page","status-publish","hentry"],"_links":{"self":[{"href":"https:\/\/ptacenter.com\/en\/wp-json\/wp\/v2\/pages\/2","targetHints":{"allow":["GET"]}}],"collection":[{"href":"https:\/\/ptacenter.com\/en\/wp-json\/wp\/v2\/pages"}],"about":[{"href":"https:\/\/ptacenter.com\/en\/wp-json\/wp\/v2\/types\/page"}],"author":[{"embeddable":true,"href":"https:\/\/ptacenter.com\/en\/wp-json\/wp\/v2\/users\/1"}],"replies":[{"embeddable":true,"href":"https:\/\/ptacenter.com\/en\/wp-json\/wp\/v2\/comments?post=2"}],"version-history":[{"count":37,"href":"https:\/\/ptacenter.com\/en\/wp-json\/wp\/v2\/pages\/2\/revisions"}],"predecessor-version":[{"id":1344,"href":"https:\/\/ptacenter.com\/en\/wp-json\/wp\/v2\/pages\/2\/revisions\/1344"}],"wp:attachment":[{"href":"https:\/\/ptacenter.com\/en\/wp-json\/wp\/v2\/media?parent=2"}],"curies":[{"name":"wp","href":"https:\/\/api.w.org\/{rel}","templated":true}]}}