{"id":241,"date":"2025-08-19T12:58:04","date_gmt":"2025-08-19T12:58:04","guid":{"rendered":"https:\/\/ptcenter.de\/?page_id=241"},"modified":"2025-09-09T11:24:57","modified_gmt":"2025-09-09T11:24:57","slug":"faszientherapie","status":"publish","type":"page","link":"https:\/\/ptacenter.com\/en\/faszientherapie\/","title":{"rendered":"Fascia therapy"},"content":{"rendered":"<p>[et_pb_section fb_built=&#8220;1&#8243; fullwidth=&#8220;on&#8220; admin_label=&#8220;Header&#8220; _builder_version=&#8220;4.27.4&#8243; background_image=&#8220;https:\/\/ptacenter.com\/wp-content\/uploads\/2025\/08\/Z7A8446f-scaled.jpg&#8220; parallax=&#8220;on&#8220; custom_padding=&#8220;0|0px|0|0px|false|false&#8220; global_colors_info=&#8220;{}&#8220;][et_pb_fullwidth_header title=&#8220;Faszientherapie&#8220; content_max_width=&#8220;650px&#8220; content_max_width_tablet=&#8220;480px&#8220; content_max_width_phone=&#8220;&#8220; content_max_width_last_edited=&#8220;on|tablet&#8220; _builder_version=&#8220;4.27.4&#8243; title_font=&#8220;&#8211;et_global_heading_font|600||on|||||&#8220; title_font_size=&#8220;70px&#8220; title_line_height=&#8220;1.2em&#8220; content_font=&#8220;Cabin||||||||&#8220; content_font_size=&#8220;18px&#8220; content_line_height=&#8220;1.8em&#8220; background_color=&#8220;rgba(255,255,255,0)&#8220; use_background_color_gradient=&#8220;on&#8220; background_color_gradient_type=&#8220;circular&#8220; background_color_gradient_direction_radial=&#8220;right&#8220; background_color_gradient_stops=&#8220;rgba(255,255,255,0) 0%|#ffffff 40%&#8220; background_color_gradient_start=&#8220;rgba(255,255,255,0)&#8220; background_color_gradient_end=&#8220;#ffffff&#8220; background_color_gradient_end_position=&#8220;40%&#8220; background_position=&#8220;center_left&#8220; custom_button_one=&#8220;on&#8220; button_one_text_size=&#8220;16px&#8220; button_one_text_color=&#8220;#ffffff&#8220; button_one_bg_color=&#8220;#ff6d4a&#8220; button_one_border_width=&#8220;15px&#8220; button_one_border_color=&#8220;#ff6d4a&#8220; button_one_border_radius=&#8220;4px&#8220; button_one_letter_spacing=&#8220;3px&#8220; button_one_font=&#8220;Cabin|700||on|||||&#8220; custom_button_two=&#8220;on&#8220; button_two_text_size=&#8220;16px&#8220; button_two_text_color=&#8220;#ffffff&#8220; button_two_bg_color=&#8220;#ff6d4a&#8220; button_two_border_width=&#8220;15px&#8220; button_two_border_color=&#8220;#ff6d4a&#8220; button_two_border_radius=&#8220;4px&#8220; button_two_letter_spacing=&#8220;3px&#8220; button_two_font=&#8220;Cabin|700||on|||||&#8220; background_layout=&#8220;light&#8220; custom_margin=&#8220;|||&#8220; custom_padding=&#8220;100px||100px||true&#8220; hover_enabled=&#8220;0&#8243; title_font_size_tablet=&#8220;&#8220; title_font_size_phone=&#8220;40px&#8220; title_font_size_last_edited=&#8220;on|phone&#8220; title_line_height_tablet=&#8220;&#8220; title_line_height_phone=&#8220;1.2em&#8220; title_line_height_last_edited=&#8220;on|phone&#8220; button_one_border_radius_hover=&#8220;4px&#8220; button_two_border_radius_hover=&#8220;4px&#8220; button_one_letter_spacing_hover=&#8220;3px&#8220; button_two_letter_spacing_hover=&#8220;3px&#8220; global_colors_info=&#8220;{}&#8220; button_one_text_size__hover_enabled=&#8220;off&#8220; button_two_text_size__hover_enabled=&#8220;off&#8220; button_one_text_color__hover_enabled=&#8220;off&#8220; button_two_text_color__hover_enabled=&#8220;off&#8220; button_one_border_width__hover_enabled=&#8220;off&#8220; button_two_border_width__hover_enabled=&#8220;off&#8220; button_one_border_color__hover_enabled=&#8220;off&#8220; button_two_border_color__hover_enabled=&#8220;off&#8220; button_one_border_radius__hover_enabled=&#8220;on&#8220; button_one_border_radius__hover=&#8220;4px&#8220; button_two_border_radius__hover_enabled=&#8220;on&#8220; button_two_border_radius__hover=&#8220;4px&#8220; button_one_letter_spacing__hover_enabled=&#8220;on&#8220; button_one_letter_spacing__hover=&#8220;3px&#8220; button_two_letter_spacing__hover_enabled=&#8220;on&#8220; button_two_letter_spacing__hover=&#8220;3px&#8220; button_one_bg_color__hover_enabled=&#8220;off&#8220; button_two_bg_color__hover_enabled=&#8220;off&#8220; sticky_enabled=&#8220;0&#8243;][\/et_pb_fullwidth_header][\/et_pb_section][et_pb_section fb_built=&#8220;1&#8243; custom_padding_last_edited=&#8220;off|desktop&#8220; admin_label=&#8220;Services&#8220; _builder_version=&#8220;4.27.4&#8243; _module_preset=&#8220;default&#8220; background_color=&#8220;#FFFFFF&#8220; background_image=&#8220;https:\/\/ptacenter.com\/wp-content\/uploads\/2025\/08\/Z7A4873f-scaled.jpg&#8220; custom_margin=&#8220;-2px|||||&#8220; custom_padding=&#8220;0vw||||false|false&#8220; custom_padding_tablet=&#8220;180px||||false|false&#8220; custom_padding_phone=&#8220;50px||||false|false&#8220; bottom_divider_height=&#8220;10vw&#8220; global_colors_info=&#8220;{}&#8220;][et_pb_row _builder_version=&#8220;4.27.4&#8243; _module_preset=&#8220;default&#8220; locked=&#8220;off&#8220; global_colors_info=&#8220;{}&#8220;][et_pb_column type=&#8220;4_4&#8243; _builder_version=&#8220;4.27.4&#8243; _module_preset=&#8220;default&#8220; background_color=&#8220;#FFFFFF&#8220; custom_padding=&#8220;20px|20px|40px|20px|false|true&#8220; box_shadow_style=&#8220;preset2&#8243; box_shadow_horizontal=&#8220;15px&#8220; box_shadow_vertical=&#8220;42px&#8220; box_shadow_blur=&#8220;60px&#8220; box_shadow_spread=&#8220;-10px&#8220; box_shadow_color=&#8220;rgba(0,0,0,0.08)&#8220; global_colors_info=&#8220;{}&#8220;][et_pb_text _builder_version=&#8220;4.27.4&#8243; _module_preset=&#8220;b3e3ff14-5f5c-4608-8ecf-1885ce3da7aa&#8220; text_font=&#8220;&#8211;et_global_heading_font||||||||&#8220; header_font=&#8220;&#8211;et_global_heading_font||||||||&#8220; header_text_color=&#8220;#000000&#8243; header_font_size=&#8220;70px&#8220; header_line_height=&#8220;1.1em&#8220; header_2_font=&#8220;&#8211;et_global_heading_font||||||||&#8220; header_3_font=&#8220;&#8211;et_global_body_font||||||||&#8220; max_width=&#8220;900px&#8220; custom_margin=&#8220;||10px||false|false&#8220; header_font_size_tablet=&#8220;40px&#8220; header_font_size_phone=&#8220;24px&#8220; header_font_size_last_edited=&#8220;on|desktop&#8220; locked=&#8220;off&#8220; global_colors_info=&#8220;{}&#8220;]<\/p>\n<h2><strong>Faszientherapie<\/strong><\/h2>\n<p>[\/et_pb_text][et_pb_text _builder_version=&#8220;4.27.4&#8243; _module_preset=&#8220;da86b6f0-f83c-4c7c-bdd8-3019777ddffe&#8220; text_font=&#8220;&#8211;et_global_body_font||||||||&#8220; text_text_color=&#8220;#000000&#8243; text_font_size=&#8220;16px&#8220; text_line_height=&#8220;1.6em&#8220; header_font=&#8220;&#8211;et_global_heading_font||||||||&#8220; header_2_font=&#8220;&#8211;et_global_heading_font||||||||&#8220; header_3_font=&#8220;&#8211;et_global_body_font||||||||&#8220; text_orientation=&#8220;center&#8220; text_font_size_tablet=&#8220;15px&#8220; text_font_size_phone=&#8220;14px&#8220; text_font_size_last_edited=&#8220;on|desktop&#8220; global_colors_info=&#8220;{}&#8220;]<\/p>\n<h3><\/h3>\n<h3 data-start=\"148\" data-end=\"409\" style=\"text-align: left;\">Faszien sind ein Teil des Bindegewebes, das Muskeln, Knochen und Organe miteinander verbindet und dem K\u00f6rper Stabilit\u00e4t verleiht. Werden sie durch Verklebungen, Verdrehungen oder kleine Risse gest\u00f6rt, kann das zu Schmerzen und Bewegungseinschr\u00e4nkungen f\u00fchren.<\/h3>\n<h3 data-start=\"411\" data-end=\"605\" style=\"text-align: left;\">Ein bew\u00e4hrtes Konzept ist das <strong data-start=\"441\" data-end=\"475\">Fasziendistorsionsmodell (FDM)<\/strong>. Dabei werden verschiedene St\u00f6rungen des Fasziengewebes erkannt und gezielt behandelt, um die Beweglichkeit wiederherzustellen.<\/h3>\n<h3 data-start=\"607\" data-end=\"863\" style=\"text-align: left;\">Zur Unterst\u00fctzung k\u00f6nnen Hilfsmittel wie <strong data-start=\"648\" data-end=\"657\">Fazer<\/strong> oder Faszienrollen eingesetzt werden. Besonders das <strong data-start=\"710\" data-end=\"726\">Foam Rolling<\/strong> eignet sich auch f\u00fcr zu Hause: Mit einfachen \u00dcbungen l\u00e4sst sich das Bindegewebe geschmeidig halten und die Therapie sinnvoll erg\u00e4nzen.<\/h3>\n<h3 data-start=\"865\" data-end=\"991\" style=\"text-align: left;\"><strong data-start=\"865\" data-end=\"894\">Ziel der Faszientherapie:<\/strong> Beschwerden lindern, Beweglichkeit verbessern und den K\u00f6rper wieder ins Gleichgewicht bringen.<\/h3>\n<p>[\/et_pb_text][\/et_pb_column][\/et_pb_row][\/et_pb_section]<\/p>\n","protected":false},"excerpt":{"rendered":"<p>Faszientherapie Faszien sind ein Teil des Bindegewebes, das Muskeln, Knochen und Organe miteinander verbindet und dem K\u00f6rper Stabilit\u00e4t verleiht. Werden sie durch Verklebungen, Verdrehungen oder kleine Risse gest\u00f6rt, kann das zu Schmerzen und Bewegungseinschr\u00e4nkungen f\u00fchren. Ein bew\u00e4hrtes Konzept ist das Fasziendistorsionsmodell (FDM). Dabei werden verschiedene St\u00f6rungen des Fasziengewebes erkannt und gezielt behandelt, um die Beweglichkeit [&hellip;]<\/p>\n","protected":false},"author":1,"featured_media":0,"parent":0,"menu_order":0,"comment_status":"closed","ping_status":"closed","template":"","meta":{"_et_pb_use_builder":"on","_et_pb_old_content":"","_et_gb_content_width":"","om_disable_all_campaigns":false,"_monsterinsights_skip_tracking":false,"_monsterinsights_sitenote_active":false,"_monsterinsights_sitenote_note":"","_monsterinsights_sitenote_category":0,"footnotes":""},"class_list":["post-241","page","type-page","status-publish","hentry"],"aioseo_notices":[],"_links":{"self":[{"href":"https:\/\/ptacenter.com\/en\/wp-json\/wp\/v2\/pages\/241","targetHints":{"allow":["GET"]}}],"collection":[{"href":"https:\/\/ptacenter.com\/en\/wp-json\/wp\/v2\/pages"}],"about":[{"href":"https:\/\/ptacenter.com\/en\/wp-json\/wp\/v2\/types\/page"}],"author":[{"embeddable":true,"href":"https:\/\/ptacenter.com\/en\/wp-json\/wp\/v2\/users\/1"}],"replies":[{"embeddable":true,"href":"https:\/\/ptacenter.com\/en\/wp-json\/wp\/v2\/comments?post=241"}],"version-history":[{"count":5,"href":"https:\/\/ptacenter.com\/en\/wp-json\/wp\/v2\/pages\/241\/revisions"}],"predecessor-version":[{"id":530,"href":"https:\/\/ptacenter.com\/en\/wp-json\/wp\/v2\/pages\/241\/revisions\/530"}],"wp:attachment":[{"href":"https:\/\/ptacenter.com\/en\/wp-json\/wp\/v2\/media?parent=241"}],"curies":[{"name":"wp","href":"https:\/\/api.w.org\/{rel}","templated":true}]}}