{"id":267,"date":"2025-08-20T07:44:46","date_gmt":"2025-08-20T07:44:46","guid":{"rendered":"https:\/\/ptcenter.de\/?page_id=267"},"modified":"2025-08-20T08:02:57","modified_gmt":"2025-08-20T08:02:57","slug":"betriebliches-gesundheitsmanagement","status":"publish","type":"page","link":"https:\/\/ptacenter.com\/en\/betriebliches-gesundheitsmanagement\/","title":{"rendered":"Betriebliches Gesundheitsmanagement"},"content":{"rendered":"<p><div class=\"et_d4_element et_pb_section et_pb_section_0 et_pb_section_parallax et_pb_with_background  et_pb_css_mix_blend_mode et_pb_fullwidth_section et_section_regular et_block_section\" >\n\t\t\t\t\n\t\t\t\t<span class=\"et_parallax_bg_wrap et-pb-parallax-wrapper\"><span\n\t\t\t\t\t\tclass=\"et_parallax_bg et_parallax_bg--et_pb_section_0\"\n\t\t\t\t\t\tstyle=\"background-image: url(https:\/\/ptacenter.com\/wp-content\/uploads\/2025\/08\/Z7A4718f-scaled.jpg);\"\n\t\t\t\t\t><\/span><\/span>\n\t\t\t\t\n\t\t\t\t\n\t\t\t\t\n\t\t\t\t\n\t\t\t\t<section class=\"et_pb_module et_d4_element et_pb_fullwidth_header et_pb_fullwidth_header_0 et_hover_enabled  et_pb_css_mix_blend_mode et_pb_text_align_left et_pb_bg_layout_light\">\n\t\t\t\t\n\t\t\t\t\n\t\t\t\t\n\t\t\t\t\n\t\t\t\t<div class=\"et_pb_fullwidth_header_container left\">\n\t\t\t\t\t<div class=\"header-content-container center\">\n\t\t\t\t\t<div class=\"header-content\">\n\t\t\t\t\t\t\n\t\t\t\t\t\t<h1 class=\"et_pb_module_header\">Betriebliches Geundheitsmanagement<\/h1>\n\t\t\t\t\t\t\n\t\t\t\t\t\t<div class=\"et_pb_header_content_wrapper\"><\/div>\n\t\t\t\t\t\t\n\t\t\t\t\t<\/div>\n\t\t\t\t<\/div>\n\t\t\t\t\t\n\t\t\t\t<\/div>\n\t\t\t\t<div class=\"et_pb_fullwidth_header_overlay\"><\/div>\n\t\t\t\t<div class=\"et_pb_fullwidth_header_scroll\"><\/div>\n\t\t\t<\/section>\n\t\t\t\t\n\t\t\t\t\n\t\t\t<\/div><div class=\"et_d4_element et_pb_section et_pb_section_1 et_pb_with_background  et_pb_css_mix_blend_mode et_section_regular et_block_section\" >\n\t\t\t\t\n\t\t\t\t\n\t\t\t\t\n\t\t\t\t\n\t\t\t\t\n\t\t\t\t\n\t\t\t\t<div class=\"et_d4_element et_pb_row et_pb_row_0  et_pb_css_mix_blend_mode et_block_row\">\n\t\t\t\t<div class=\"et_d4_element et_pb_column_4_4 et_pb_column et_pb_column_0  et_pb_css_mix_blend_mode et-last-child et_block_column\">\n\t\t\t\t\n\t\t\t\t\n\t\t\t\t\n\t\t\t\t\n\t\t\t\t<div class=\"et_pb_module et_d4_element et_pb_text et_pb_text_0  et_pb_text_align_left et_pb_bg_layout_light\">\n\t\t\t\t\n\t\t\t\t\n\t\t\t\t\n\t\t\t\t\n\t\t\t\t<div class=\"et_pb_text_inner\"><h2><strong>Betriebliches Gesundheitsmanagement (BGM)<\/strong><\/h2><\/div>\n\t\t\t<\/div><div class=\"et_pb_module et_d4_element et_pb_text et_pb_text_1  et_pb_text_align_center et_pb_bg_layout_light\">\n\t\t\t\t\n\t\t\t\t\n\t\t\t\t\n\t\t\t\t\n\t\t\t\t<div class=\"et_pb_text_inner\"><h3 data-start=\"166\" data-end=\"374\" style=\"text-align: left;\"><strong data-start=\"166\" data-end=\"187\"><\/strong><\/h3>\n<h3 data-start=\"166\" data-end=\"374\" style=\"text-align: left;\"><strong data-start=\"166\" data-end=\"187\">Was bedeutet BGM?<\/strong><\/h3>\n<h3 data-start=\"166\" data-end=\"374\" style=\"text-align: left;\">BGM umfasst Ma\u00dfnahmen zur F\u00f6rderung und Erhaltung der Mitarbeitergesundheit. Gesunde Besch\u00e4ftigte sind ausgeglichener, leistungsf\u00e4higer und bringen mehr Energie in den Arbeitsalltag.<\/h3>\n<p>&nbsp;<\/p>\n<h3 data-start=\"376\" data-end=\"406\" style=\"text-align: left;\"><strong data-start=\"376\" data-end=\"404\">Vorteile f\u00fcr Unternehmen<\/strong><\/h3>\n<ul data-start=\"407\" data-end=\"718\" style=\"text-align: left;\">\n<li data-start=\"407\" data-end=\"507\">\n<h3 data-start=\"409\" data-end=\"507\">Weniger krankheitsbedingte Ausf\u00e4lle, insbesondere bei typischen Problemen wie R\u00fcckenbeschwerden.<\/h3>\n<\/li>\n<li data-start=\"508\" data-end=\"572\">\n<h3 data-start=\"510\" data-end=\"572\">Mehr Arbeitsf\u00e4higkeit, Motivation und Produktivit\u00e4t im Team.<\/h3>\n<\/li>\n<li data-start=\"573\" data-end=\"718\">\n<h3 data-start=\"575\" data-end=\"718\">Steuerlicher Vorteil: Seit 2008 k\u00f6nnen bis zu <strong data-start=\"621\" data-end=\"657\">1.128 \u20ac pro Mitarbeiter und Jahr<\/strong> lohnsteuerfrei f\u00fcr Gesundheitsf\u00f6rderung eingesetzt werden.<\/h3>\n<\/li>\n<\/ul>\n<h3 data-start=\"720\" data-end=\"743\" style=\"text-align: left;\"><strong data-start=\"720\" data-end=\"741\">Unsere BGM-Module<\/strong><\/h3>\n<ul data-start=\"744\" data-end=\"975\" style=\"text-align: left;\">\n<li data-start=\"744\" data-end=\"826\">\n<h3 data-start=\"746\" data-end=\"826\">Physiotherapie (z. B. manuelle Therapie, Faszientherapie, Sportphysiotherapie)<\/h3>\n<\/li>\n<li data-start=\"827\" data-end=\"877\">\n<h3 data-start=\"829\" data-end=\"877\">Ern\u00e4hrungsberatung inklusive K\u00f6rperfettmessung<\/h3>\n<\/li>\n<li data-start=\"878\" data-end=\"921\">\n<h3 data-start=\"880\" data-end=\"921\">Kurse f\u00fcr Beweglichkeit und Kraftaufbau<\/h3>\n<\/li>\n<li data-start=\"922\" data-end=\"975\">\n<h3 data-start=\"924\" data-end=\"975\">Personal Training mit individuellem Trainingsplan<\/h3>\n<\/li>\n<\/ul>\n<h3 data-start=\"977\" data-end=\"1116\" style=\"text-align: left;\"><strong data-start=\"977\" data-end=\"987\">Kosten<\/strong><\/h3>\n<h3 data-start=\"977\" data-end=\"1116\" style=\"text-align: left;\">Sie als Unternehmer bestimmen den j\u00e4hrlichen Betrag pro Mitarbeiter. Bis zu 1.128 \u20ac pro Jahr sind steuerlich voll absetzbar.<\/h3>\n<p>&nbsp;<\/p>\n<p>&nbsp;<\/p>\n<h3 data-start=\"1118\" data-end=\"1201\" style=\"text-align: left;\"><strong data-start=\"1118\" data-end=\"1127\">Ziel:<\/strong> Nachhaltige Gesundheit, motivierte Mitarbeiter und weniger Ausfalltage.<\/h3><\/div>\n\t\t\t<\/div>\n\t\t\t<\/div>\n\t\t\t\t\n\t\t\t\t\n\t\t\t\t\n\t\t\t\t\n\t\t\t<\/div>\n\t\t\t\t\n\t\t\t\t\n\t\t\t<\/div><div class=\"et_d4_element et_pb_section et_pb_section_2 et_pb_with_background  et_pb_css_mix_blend_mode et_section_regular et_block_section\" >\n\t\t\t\t\n\t\t\t\t\n\t\t\t\t\n\t\t\t\t\n\t\t\t\t\n\t\t\t\t\n\t\t\t\t<div class=\"et_d4_element et_pb_row et_pb_row_1  et_pb_css_mix_blend_mode et_block_row\">\n\t\t\t\t<div class=\"et_d4_element et_pb_column_4_4 et_pb_column et_pb_column_1  et_pb_css_mix_blend_mode et-last-child et_block_column\">\n\t\t\t\t\n\t\t\t\t\n\t\t\t\t\n\t\t\t\t\n\t\t\t\t<div class=\"et_pb_module et_d4_element et_pb_text et_pb_text_2  et_pb_text_align_center et_pb_bg_layout_light\">\n\t\t\t\t\n\t\t\t\t\n\t\t\t\t\n\t\t\t\t\n\t\t\t\t<div class=\"et_pb_text_inner\"><h1>Contact form<\/h1><\/div>\n\t\t\t<\/div>\n\t\t\t<div id=\"et_pb_contact_form_0\" class=\"et_pb_with_border et_pb_module et_d4_element et_pb_contact_form_0 et_animated et_pb_contact_form_container clearfix et_block_module\" data-form_unique_num=\"0\" data-form_unique_id=\"\">\n\t\t\t\t\n\t\t\t\t\n\t\t\t\t\n\t\t\t\t\n\t\t\t\t\n\t\t\t\t<div class=\"et-pb-contact-message\"><\/div>\n\t\t\t\t\n\t\t\t\t<div class=\"et_pb_contact\">\n\t\t\t\t\t<form class=\"et_pb_contact_form clearfix\" method=\"post\" action=\"https:\/\/ptacenter.com\/en\/wp-json\/wp\/v2\/pages\/267\" data-trp-original-action=\"https:\/\/ptacenter.com\/en\/wp-json\/wp\/v2\/pages\/267\">\n\t\t\t\t\t\t<p class=\"et_d4_element et_pb_contact_field et_pb_contact_field_0 et_pb_contact_field_half\" data-id=\"name_2\" data-type=\"input\">\n\t\t\t\t\n\t\t\t\t\n\t\t\t\t\n\t\t\t\t\n\t\t\t\t<label for=\"et_pb_contact_name_2_0\" class=\"et_pb_contact_form_label\">Name<\/label>\n\t\t\t\t<input type=\"text\" id=\"et_pb_contact_name_2_0\" class=\"input\" value=\"\" name=\"et_pb_contact_name_2_0\" data-required_mark=\"required\" data-field_type=\"input\" data-original_id=\"name_2\" placeholder=\"Name\">\n\t\t\t<\/p><p class=\"et_d4_element et_pb_contact_field et_pb_contact_field_1 et_pb_contact_field_half et_pb_contact_field_last\" data-id=\"email\" data-type=\"input\">\n\t\t\t\t\n\t\t\t\t\n\t\t\t\t\n\t\t\t\t\n\t\t\t\t<label for=\"et_pb_contact_email_0\" class=\"et_pb_contact_form_label\">email<\/label>\n\t\t\t\t<input type=\"text\" id=\"et_pb_contact_email_0\" class=\"input\" value=\"\" name=\"et_pb_contact_email_0\" data-required_mark=\"required\" data-field_type=\"input\" data-original_id=\"email\" placeholder=\"email\">\n\t\t\t<\/p><p class=\"et_d4_element et_pb_contact_field et_pb_contact_field_2 et_pb_contact_field_half\" data-id=\"phone\" data-type=\"input\">\n\t\t\t\t\n\t\t\t\t\n\t\t\t\t\n\t\t\t\t\n\t\t\t\t<label for=\"et_pb_contact_phone_0\" class=\"et_pb_contact_form_label\">Phone<\/label>\n\t\t\t\t<input type=\"text\" id=\"et_pb_contact_phone_0\" class=\"input\" value=\"\" name=\"et_pb_contact_phone_0\" data-required_mark=\"required\" data-field_type=\"input\" data-original_id=\"phone\" placeholder=\"Phone\">\n\t\t\t<\/p><p class=\"et_d4_element et_pb_contact_field et_pb_contact_field_3 et_pb_contact_field_last\" data-id=\"message\" data-type=\"text\">\n\t\t\t\t\n\t\t\t\t\n\t\t\t\t\n\t\t\t\t\n\t\t\t\t<label for=\"et_pb_contact_message_0\" class=\"et_pb_contact_form_label\">Message<\/label>\n\t\t\t\t<textarea name=\"et_pb_contact_message_0\" id=\"et_pb_contact_message_0\" class=\"et_pb_contact_message input\" data-required_mark=\"required\" data-field_type=\"text\" data-original_id=\"message\" placeholder=\"Message\"><\/textarea>\n\t\t\t<\/p>\n\t\t\t\t\t\t<input type=\"hidden\" value=\"et_contact_proccess\" name=\"et_pb_contactform_submit_0\"\/>\n\t\t\t\t\t\t<div class=\"et_contact_bottom_container\">\n\t\t\t\t\t\t\t\n\t\t\t\t\t\t\t<button type=\"submit\" name=\"et_builder_submit_button\" class=\"et_pb_contact_submit et_pb_button\">Send<\/button>\n\t\t\t\t\t\t<\/div>\n\t\t\t\t\t\t<input type=\"hidden\" id=\"_wpnonce-et-pb-contact-form-submitted-0\" name=\"_wpnonce-et-pb-contact-form-submitted-0\" value=\"c36331254d\" \/><input type=\"hidden\" name=\"_wp_http_referer\" value=\"\/en\/wp-json\/wp\/v2\/pages\/267\" \/>\n\t\t\t\t\t<input type=\"hidden\" name=\"trp-form-language\" value=\"en\"\/><\/form>\n\t\t\t\t<\/div>\n\t\t\t<\/div>\n\t\t\t\n\t\t\t<\/div>\n\t\t\t\t\n\t\t\t\t\n\t\t\t\t\n\t\t\t\t\n\t\t\t<\/div>\n\t\t\t\t\n\t\t\t\t\n\t\t\t<\/div><\/p>","protected":false},"excerpt":{"rendered":"","protected":false},"author":1,"featured_media":0,"parent":0,"menu_order":0,"comment_status":"closed","ping_status":"closed","template":"","meta":{"_et_pb_use_builder":"on","_et_pb_old_content":"","_et_gb_content_width":"","footnotes":""},"class_list":["post-267","page","type-page","status-publish","hentry"],"aioseo_notices":[],"_links":{"self":[{"href":"https:\/\/ptacenter.com\/en\/wp-json\/wp\/v2\/pages\/267","targetHints":{"allow":["GET"]}}],"collection":[{"href":"https:\/\/ptacenter.com\/en\/wp-json\/wp\/v2\/pages"}],"about":[{"href":"https:\/\/ptacenter.com\/en\/wp-json\/wp\/v2\/types\/page"}],"author":[{"embeddable":true,"href":"https:\/\/ptacenter.com\/en\/wp-json\/wp\/v2\/users\/1"}],"replies":[{"embeddable":true,"href":"https:\/\/ptacenter.com\/en\/wp-json\/wp\/v2\/comments?post=267"}],"version-history":[{"count":5,"href":"https:\/\/ptacenter.com\/en\/wp-json\/wp\/v2\/pages\/267\/revisions"}],"predecessor-version":[{"id":275,"href":"https:\/\/ptacenter.com\/en\/wp-json\/wp\/v2\/pages\/267\/revisions\/275"}],"wp:attachment":[{"href":"https:\/\/ptacenter.com\/en\/wp-json\/wp\/v2\/media?parent=267"}],"curies":[{"name":"wp","href":"https:\/\/api.w.org\/{rel}","templated":true}]}}