{"id":317,"date":"2025-08-20T10:11:18","date_gmt":"2025-08-20T10:11:18","guid":{"rendered":"https:\/\/ptcenter.de\/?page_id=317"},"modified":"2026-05-15T08:36:47","modified_gmt":"2026-05-15T08:36:47","slug":"karriere","status":"publish","type":"page","link":"https:\/\/ptacenter.com\/en\/karriere\/","title":{"rendered":"Career"},"content":{"rendered":"<div class=\"et_pb_section_0 et_pb_section et_section_regular et_block_section\">\n<div class=\"et_pb_row_0 et_pb_row et_block_row\">\n<div class=\"et_pb_column_0 et_pb_column et_pb_column_1_2 et_block_column et_pb_css_mix_blend_mode_passthrough\">\n<div class=\"et_pb_text_0 et_pb_text et_pb_bg_layout_light et_pb_module et_block_module\"><div class=\"et_pb_text_inner\"><h1 class=\"et_pb_module_header\">Karriere<\/h1>\n<\/div><\/div>\n\n<div class=\"et_pb_text_1 et_pb_text et_pb_bg_layout_light et_pb_module et_block_module\"><div class=\"et_pb_text_inner\"><p>Werde Teil des PTA Center Stuttgart und gestalte mit uns eine moderne, patientenorientierte Physiotherapie.<\/p>\n<\/div><\/div>\n<\/div>\n\n<div class=\"et_pb_column_1 et_pb_column et_pb_column_1_2 et-last-child et_block_column et_pb_css_mix_blend_mode_passthrough\">\n<div class=\"et_pb_image_0 et_pb_image et_pb_module et_block_module\"><span class=\"et_pb_image_wrap\"><img loading=\"lazy\" decoding=\"async\" src=\"https:\/\/ptacenter.com\/wp-content\/uploads\/2026\/05\/Kein-Titel-850-x-600-px.png\" alt=\"PTA Center Karriere\" title=\"pta-center-karriere\" width=\"850\" height=\"600\" srcset=\"https:\/\/ptacenter.com\/wp-content\/uploads\/2026\/05\/Kein-Titel-850-x-600-px.png 850w, https:\/\/ptacenter.com\/wp-content\/uploads\/2026\/05\/Kein-Titel-850-x-600-px-480x339.png 480w\" sizes=\"(min-width: 0px) and (max-width: 480px) 480px, (min-width: 481px) 850px, 100vw\" class=\"wp-image-1154\" \/><\/span><\/div>\n<\/div>\n<\/div>\n<\/div>\n\n<div class=\"et_pb_section_1 et_pb_section et_section_regular et_flex_section\">\n<div class=\"et_pb_row_1 et_pb_row et_flex_row\">\n<div class=\"et_pb_column_2 et_pb_column et-last-child et_flex_column et_pb_css_mix_blend_mode_passthrough et_flex_column_24_24 et_flex_column_24_24_tablet et_flex_column_24_24_phone\">\n<div class=\"et_pb_text_2 et_pb_text et_pb_bg_layout_light et_pb_module et_block_module\"><div class=\"et_pb_text_inner\" data-et-mv-hidden-phone=\"true\"><h2 style=\"text-align: center;\"><span>Werde ein Teil unseres Teams<\/span><\/h2>\n<p style=\"text-align: justify;\"><span><\/span><\/p>\n<p style=\"text-align: justify;\"><span>Im PTA Center Stuttgart arbeitest du in einem Team, das Physiotherapie mit moderner Ausstattung, hoher Fachkompetenz und echter Wertsch\u00e4tzung verbindet. Wir nehmen uns Zeit f\u00fcr unsere Patient<em>innen \u2013 und genauso f\u00fcr die Menschen, die bei uns arbeiten. Ob Berufseinsteiger<\/em>in oder erfahrene Fachkraft: Bei uns findest du klare Strukturen, kurze Entscheidungswege und viele M\u00f6glichkeiten, dich weiterzuentwickeln.<\/span><\/p>\n<\/div><\/div>\n<\/div>\n<\/div>\n\n<div class=\"et_pb_row_2 et_pb_row et_flex_row\">\n<div class=\"et_pb_column_3 et_pb_column et-last-child et_flex_column et_pb_css_mix_blend_mode_passthrough et_flex_column_24_24 et_flex_column_24_24_tablet et_flex_column_24_24_phone\">\n<div class=\"et_pb_text_3 et_pb_text et_pb_bg_layout_light et_pb_module et_block_module\"><div class=\"et_pb_text_inner\"><h2><span class=\"text-bold\">Offene Stellenanzeigen<\/span><\/h2>\n<\/div><\/div>\n\n<div class=\"et_pb_toggle_0 et_pb_toggle et_pb_toggle_item et_pb_toggle_close et_clickable et_pb_module et_flex_module\"><h5 class=\"et_pb_toggle_title\">Physiotherapeut (m\/w\/d) Vollzeit | Teilzeit <\/h5><div class=\"et_pb_toggle_content clearfix et_flex_module\" data-et-mv-hidden-phone=\"true\"><div data-testid=\"markdown-response\">\n<p><strong><span><\/span><\/strong><\/p>\n<p>Starte jetzt in unserer modernen Praxis im Herzen von Stuttgart durch!<\/p>\n<p><strong><span><\/span><\/strong><\/p>\n<p id=\"message\"><strong><span>Deine Aufgaben:<\/span><\/strong><\/p>\n<\/div>\n<div data-testid=\"markdown-response\">\n<div><\/div>\n<\/div>\n<div data-testid=\"markdown-response\">\n<ul>\n<li node=\"[object Object]\"><span>Physiotherapeutische Befunderhebung<\/span><\/li>\n<li node=\"[object Object]\"><span>Gestaltung von Behandlungspl\u00e4nen und laufenden Therapiedokumentationen<\/span><\/li>\n<li node=\"[object Object]\"><span>Betreuung der Patienten in der Einzeltherapie &amp; Trainingstherapie<\/span><\/li>\n<\/ul>\n<div data-testid=\"markdown-response\">\n<div>\n<p><strong><span><\/span><\/strong><\/p>\n<p id=\"message\"><strong><span>Dein Profil:<\/span><\/strong><\/p>\n<\/div>\n<\/div>\n<div data-testid=\"markdown-response\">\n<div><\/div>\n<\/div>\n<div data-testid=\"markdown-response\">\n<div>\n<ul>\n<li node=\"[object Object]\"><span>Eine abgeschlossene, anerkannte Berufsausbildung als Physiotherapeut:in<\/span><\/li>\n<li node=\"[object Object]\"><span>Zuverl\u00e4ssigkeit, Teamf\u00e4higkeit &amp; Einsatzbereitschaft<\/span><\/li>\n<li node=\"[object Object]\"><span>Freundliches Auftreten und Spa\u00df am Umgang mit Patienten<\/span><\/li>\n<\/ul>\n<\/div>\n<\/div>\n<div data-testid=\"markdown-response\">\n<div><\/div>\n<\/div>\n<div data-testid=\"markdown-response\">\n<div>\n<p id=\"message\"><strong><span>Unser Angebot:<\/span><\/strong><\/p>\n<\/div>\n<\/div>\n<div data-testid=\"markdown-response\">\n<div><\/div>\n<\/div>\n<div data-testid=\"markdown-response\">\n<ul>\n<li>Ein attraktives Gehalt, das Deine therapeutische Kenntnisse und Erfahrungen angemessen honoriert<\/li>\n<li>Eine monatliche Leistungspr\u00e4mie und eine transparente j\u00e4hrliche Umsatzbeteiligung<\/li>\n<li>Zusatzleistungen: Jobticket, betriebliche Altersvorsorge, Kindergartenzuschuss usw.<\/li>\n<li>\u00dcbernahme von externen Fortbildungen und regelm\u00e4\u00dfige interne Fortbildungen<\/li>\n<li>30 Tage Urlaub im Jahr<\/li>\n<li>Hoher Anteil an Privatversicherten und ausl\u00e4ndischen Kunden (70%)<\/li>\n<li>Behandlungszeitr\u00e4ume 20,30, 60 und 90 min<\/li>\n<li>Freir\u00e4ume durch eine ausgewogene Patientenauslastung zwischen 80% und max. 85%<\/li>\n<li>W\u00f6chentliche Teammeetings und regelm\u00e4\u00dfige Feed-Back-Gespr\u00e4che<\/li>\n<li>Eine offene, wertsch\u00e4tzende und unterst\u00fctzende Kommunikationskultur<\/li>\n<\/ul>\n<p><span><\/span><\/p>\n<p><strong>Wir freuen uns auf deine Bewerbung!<\/strong><\/p>\n<p><span>P. Ntounas, Gesch\u00e4ftsf\u00fchrer<\/span><br \/><span>pn@pure-consulting.de<\/span><br \/><span><a href=\"http:\/\/www.ptacenter.com\">www.ptacenter.com<\/a><\/span><\/p>\n<\/div>\n<\/div>\n<\/div><\/div>\n\n<div class=\"et_pb_module et_pb_button_module_wrapper et_pb_button_0_wrapper\"><a class=\"et_pb_button_0 et_pb_button et_pb_bg_layout_dark et_pb_module et_block_module\" href=\"mailto:%20pn@pure-consulting.de\">JETZT BEWERBEN<\/a><\/div>\n<\/div>\n<\/div>\n<\/div>\n\n<div class=\"et_pb_section_2 et_pb_section et_section_regular et_block_section\">\n<div class=\"et_pb_row_3 et_pb_row et_block_row\">\n<div class=\"et_pb_column_4 et_pb_column et_pb_column_2_5 et_block_column et_pb_css_mix_blend_mode_passthrough et_clickable\">\n<div class=\"et_pb_text_4 et_pb_text et_pb_bg_layout_light et_pb_module et_block_module\"><div class=\"et_pb_text_inner\"><h2 class=\"et_pb_module_header\">Deine Initiativ-Bewerbung bei uns!<\/h2>\n<\/div><\/div>\n\n<div class=\"et_pb_text_5 et_pb_text et_pb_bg_layout_light et_pb_module et_block_module\"><div class=\"et_pb_text_inner\"><p style=\"text-align: left;\"><span>Wir freuen uns immer \u00fcber Initiativbewerbungen. In anderen Zentren sind wir noch auf der Suche nach kompetenten Mitarbeitenden. Schaut gerne mal vorbei: <\/span><a href=\"https:\/\/www.pure-health-gruppe.com\/\">Home | PURE HEALTH AG<\/a><\/p>\n<\/div><\/div>\n\n<div class=\"et_pb_module et_pb_button_module_wrapper et_pb_button_1_wrapper\"><a class=\"et_pb_button_1 et_pb_button et_pb_bg_layout_dark et_pb_module et_block_module\" href=\"mailto:%20pn@pure-consulting.de\">INITIATIVBEWERBUNG<\/a><\/div>\n<\/div>\n\n<div class=\"et_pb_column_5 et_pb_column et_pb_column_3_5 et-last-child et_block_column et_pb_css_mix_blend_mode_passthrough\">\n<div class=\"et_pb_image_1 et_pb_image et_pb_module et_block_module\"><span class=\"et_pb_image_wrap\"><img loading=\"lazy\" decoding=\"async\" src=\"https:\/\/ptacenter.com\/wp-content\/uploads\/2026\/05\/Design-ohne-Titel-11.png\" title=\"Design ohne Titel (11)\" width=\"1020\" height=\"890\" srcset=\"https:\/\/ptacenter.com\/wp-content\/uploads\/2026\/05\/Design-ohne-Titel-11.png 1020w, https:\/\/ptacenter.com\/wp-content\/uploads\/2026\/05\/Design-ohne-Titel-11-980x855.png 980w, https:\/\/ptacenter.com\/wp-content\/uploads\/2026\/05\/Design-ohne-Titel-11-480x419.png 480w\" sizes=\"(min-width: 0px) and (max-width: 480px) 480px, (min-width: 481px) and (max-width: 980px) 980px, (min-width: 981px) 1020px, 100vw\" class=\"wp-image-1149\" \/><\/span><\/div>\n<\/div>\n<\/div>\n<\/div>","protected":false},"excerpt":{"rendered":"","protected":false},"author":1,"featured_media":0,"parent":0,"menu_order":0,"comment_status":"closed","ping_status":"closed","template":"","meta":{"om_disable_all_campaigns":false,"_monsterinsights_skip_tracking":false,"_monsterinsights_sitenote_active":false,"_monsterinsights_sitenote_note":"","_monsterinsights_sitenote_category":0,"footnotes":""},"class_list":["post-317","page","type-page","status-publish","hentry"],"_links":{"self":[{"href":"https:\/\/ptacenter.com\/en\/wp-json\/wp\/v2\/pages\/317","targetHints":{"allow":["GET"]}}],"collection":[{"href":"https:\/\/ptacenter.com\/en\/wp-json\/wp\/v2\/pages"}],"about":[{"href":"https:\/\/ptacenter.com\/en\/wp-json\/wp\/v2\/types\/page"}],"author":[{"embeddable":true,"href":"https:\/\/ptacenter.com\/en\/wp-json\/wp\/v2\/users\/1"}],"replies":[{"embeddable":true,"href":"https:\/\/ptacenter.com\/en\/wp-json\/wp\/v2\/comments?post=317"}],"version-history":[{"count":37,"href":"https:\/\/ptacenter.com\/en\/wp-json\/wp\/v2\/pages\/317\/revisions"}],"predecessor-version":[{"id":1359,"href":"https:\/\/ptacenter.com\/en\/wp-json\/wp\/v2\/pages\/317\/revisions\/1359"}],"wp:attachment":[{"href":"https:\/\/ptacenter.com\/en\/wp-json\/wp\/v2\/media?parent=317"}],"curies":[{"name":"wp","href":"https:\/\/api.w.org\/{rel}","templated":true}]}}