{"id":366,"date":"2025-08-22T12:27:47","date_gmt":"2025-08-22T12:27:47","guid":{"rendered":"https:\/\/ptcenter.de\/?page_id=366"},"modified":"2025-09-10T12:20:34","modified_gmt":"2025-09-10T12:20:34","slug":"zusaetzliche-heilmittel","status":"publish","type":"page","link":"https:\/\/ptacenter.com\/en\/zusaetzliche-heilmittel\/","title":{"rendered":"Additional remedies"},"content":{"rendered":"<p><div class=\"et_d4_element et_pb_section et_pb_section_0 et_pb_section_parallax et_pb_with_background  et_pb_css_mix_blend_mode et_pb_fullwidth_section et_section_regular et_block_section\" >\n\t\t\t\t\n\t\t\t\t<span class=\"et_parallax_bg_wrap et-pb-parallax-wrapper\"><span\n\t\t\t\t\t\tclass=\"et_parallax_bg et_parallax_bg--et_pb_section_0\"\n\t\t\t\t\t\tstyle=\"background-image: url(https:\/\/ptacenter.com\/wp-content\/uploads\/2025\/08\/Z7A4804f-scaled.jpg);\"\n\t\t\t\t\t><\/span><\/span>\n\t\t\t\t\n\t\t\t\t\n\t\t\t\t\n\t\t\t\t\n\t\t\t\t<section class=\"et_pb_module et_d4_element et_pb_fullwidth_header et_pb_fullwidth_header_0 et_hover_enabled  et_pb_css_mix_blend_mode et_pb_text_align_left et_pb_bg_layout_light\">\n\t\t\t\t\n\t\t\t\t\n\t\t\t\t\n\t\t\t\t\n\t\t\t\t<div class=\"et_pb_fullwidth_header_container left\">\n\t\t\t\t\t<div class=\"header-content-container center\">\n\t\t\t\t\t<div class=\"header-content\">\n\t\t\t\t\t\t\n\t\t\t\t\t\t<h1 class=\"et_pb_module_header\">Additional remedies<\/h1>\n\t\t\t\t\t\t\n\t\t\t\t\t\t<div class=\"et_pb_header_content_wrapper\"><\/div>\n\t\t\t\t\t\t\n\t\t\t\t\t<\/div>\n\t\t\t\t<\/div>\n\t\t\t\t\t\n\t\t\t\t<\/div>\n\t\t\t\t<div class=\"et_pb_fullwidth_header_overlay\"><\/div>\n\t\t\t\t<div class=\"et_pb_fullwidth_header_scroll\"><\/div>\n\t\t\t<\/section>\n\t\t\t\t\n\t\t\t\t\n\t\t\t<\/div><div class=\"et_d4_element et_pb_section et_pb_section_1 et_pb_with_background  et_pb_css_mix_blend_mode et_section_regular et_block_section\" >\n\t\t\t\t\n\t\t\t\t\n\t\t\t\t\n\t\t\t\t\n\t\t\t\t\n\t\t\t\t\n\t\t\t\t<div class=\"et_d4_element et_pb_row et_pb_row_0  et_pb_css_mix_blend_mode et_block_row\">\n\t\t\t\t<div class=\"et_d4_element et_pb_column_1_2 et_pb_column et_pb_column_0  et_pb_css_mix_blend_mode et_block_column\">\n\t\t\t\t\n\t\t\t\t\n\t\t\t\t\n\t\t\t\t\n\t\t\t\t<div class=\"et_pb_module et_d4_element et_pb_text et_pb_text_0  et_pb_text_align_left et_pb_bg_layout_light\">\n\t\t\t\t\n\t\t\t\t\n\t\t\t\t\n\t\t\t\t\n\t\t\t\t<div class=\"et_pb_text_inner\"><h2><strong>Elektrotherapie<\/strong><\/h2><\/div>\n\t\t\t<\/div><div class=\"et_pb_module et_d4_element et_pb_image et_pb_image_0\">\n\t\t\t\t\n\t\t\t\t\n\t\t\t\t\n\t\t\t\t\n\t\t\t\t<span class=\"et_pb_image_wrap\"><img loading=\"lazy\" decoding=\"async\" width=\"2560\" height=\"1706\" src=\"https:\/\/ptacenter.com\/wp-content\/uploads\/2025\/08\/WX_0209f-scaled.jpg\" alt=\"\" title=\"_WX_0209f\" srcset=\"https:\/\/ptacenter.com\/wp-content\/uploads\/2025\/08\/WX_0209f-scaled.jpg 2560w, https:\/\/ptacenter.com\/wp-content\/uploads\/2025\/08\/WX_0209f-300x200.jpg 300w, https:\/\/ptacenter.com\/wp-content\/uploads\/2025\/08\/WX_0209f-1024x683.jpg 1024w, https:\/\/ptacenter.com\/wp-content\/uploads\/2025\/08\/WX_0209f-768x512.jpg 768w, https:\/\/ptacenter.com\/wp-content\/uploads\/2025\/08\/WX_0209f-1536x1024.jpg 1536w, https:\/\/ptacenter.com\/wp-content\/uploads\/2025\/08\/WX_0209f-2048x1365.jpg 2048w, https:\/\/ptacenter.com\/wp-content\/uploads\/2025\/08\/WX_0209f-1080x720.jpg 1080w, https:\/\/ptacenter.com\/wp-content\/uploads\/2025\/08\/WX_0209f-1280x853.jpg 1280w, https:\/\/ptacenter.com\/wp-content\/uploads\/2025\/08\/WX_0209f-980x653.jpg 980w, https:\/\/ptacenter.com\/wp-content\/uploads\/2025\/08\/WX_0209f-480x320.jpg 480w\" sizes=\"(max-width: 2560px) 100vw, 2560px\" class=\"wp-image-131\" \/><\/span>\n\t\t\t<\/div><div class=\"et_pb_module et_d4_element et_pb_text et_pb_text_1  et_pb_text_align_center et_pb_bg_layout_light\">\n\t\t\t\t\n\t\t\t\t\n\t\t\t\t\n\t\t\t\t\n\t\t\t\t<div class=\"et_pb_text_inner\"><p style=\"text-align: left;\">Die Elektrotherapie nutzt schwache elektrische Str\u00f6me, um Schmerzen zu lindern, die Durchblutung zu f\u00f6rdern und die Muskulatur zu stimulieren. Sie kommt h\u00e4ufig bei akuten oder chronischen Beschwerden des Bewegungsapparates, nach Verletzungen oder Operationen zum Einsatz.<\/p><\/div>\n\t\t\t<\/div>\n\t\t\t<\/div><div class=\"et_d4_element et_pb_column_1_2 et_pb_column et_pb_column_1  et_pb_css_mix_blend_mode et-last-child et_block_column\">\n\t\t\t\t\n\t\t\t\t\n\t\t\t\t\n\t\t\t\t\n\t\t\t\t<div class=\"et_pb_module et_d4_element et_pb_text et_pb_text_2  et_pb_text_align_left et_pb_bg_layout_light\">\n\t\t\t\t\n\t\t\t\t\n\t\t\t\t\n\t\t\t\t\n\t\t\t\t<div class=\"et_pb_text_inner\"><h2><strong>W\u00e4rmetherapie<\/strong><\/h2><\/div>\n\t\t\t<\/div><div class=\"et_pb_module et_d4_element et_pb_image et_pb_image_1\">\n\t\t\t\t\n\t\t\t\t\n\t\t\t\t\n\t\t\t\t\n\t\t\t\t<span class=\"et_pb_image_wrap\"><img loading=\"lazy\" decoding=\"async\" width=\"2560\" height=\"1707\" src=\"https:\/\/ptacenter.com\/wp-content\/uploads\/2025\/08\/Z7A4222f-scaled.jpg\" alt=\"\" title=\"_Z7A4222f\" srcset=\"https:\/\/ptacenter.com\/wp-content\/uploads\/2025\/08\/Z7A4222f-scaled.jpg 2560w, https:\/\/ptacenter.com\/wp-content\/uploads\/2025\/08\/Z7A4222f-300x200.jpg 300w, https:\/\/ptacenter.com\/wp-content\/uploads\/2025\/08\/Z7A4222f-1024x683.jpg 1024w, https:\/\/ptacenter.com\/wp-content\/uploads\/2025\/08\/Z7A4222f-768x512.jpg 768w, https:\/\/ptacenter.com\/wp-content\/uploads\/2025\/08\/Z7A4222f-1536x1024.jpg 1536w, https:\/\/ptacenter.com\/wp-content\/uploads\/2025\/08\/Z7A4222f-2048x1365.jpg 2048w, https:\/\/ptacenter.com\/wp-content\/uploads\/2025\/08\/Z7A4222f-1080x720.jpg 1080w, https:\/\/ptacenter.com\/wp-content\/uploads\/2025\/08\/Z7A4222f-1280x854.jpg 1280w, https:\/\/ptacenter.com\/wp-content\/uploads\/2025\/08\/Z7A4222f-980x653.jpg 980w, https:\/\/ptacenter.com\/wp-content\/uploads\/2025\/08\/Z7A4222f-480x320.jpg 480w\" sizes=\"(max-width: 2560px) 100vw, 2560px\" class=\"wp-image-101\" \/><\/span>\n\t\t\t<\/div><div class=\"et_pb_module et_d4_element et_pb_text et_pb_text_3  et_pb_text_align_center et_pb_bg_layout_light\">\n\t\t\t\t\n\t\t\t\t\n\t\t\t\t\n\t\t\t\t\n\t\t\t\t<div class=\"et_pb_text_inner\"><p style=\"text-align: left;\">Die W\u00e4rmetherapie ist eine <strong data-start=\"234\" data-end=\"264\">passive Behandlungsmethode<\/strong>, die h\u00e4ufig als Vorbereitung f\u00fcr Massagen oder physiotherapeutische Anwendungen eingesetzt wird. Durch gezielte W\u00e4rmereize wird die Muskulatur gelockert, die Durchblutung gesteigert und Schmerzen k\u00f6nnen gelindert werden. Formen der W\u00e4rmetherapie: Fango\/Naturmoor, Infrarot &amp; Hei\u00dfluft , Hei\u00dfe Rolle, etc.<\/p>\n<h3 style=\"text-align: left;\"><\/h3><\/div>\n\t\t\t<\/div>\n\t\t\t<\/div>\n\t\t\t\t\n\t\t\t\t\n\t\t\t\t\n\t\t\t\t\n\t\t\t<\/div><div class=\"et_d4_element et_pb_row et_pb_row_1  et_pb_css_mix_blend_mode et_block_row\">\n\t\t\t\t<div class=\"et_d4_element et_pb_column_1_2 et_pb_column et_pb_column_2  et_pb_css_mix_blend_mode et_block_column\">\n\t\t\t\t\n\t\t\t\t\n\t\t\t\t\n\t\t\t\t\n\t\t\t\t<div class=\"et_pb_module et_d4_element et_pb_text et_pb_text_4  et_pb_text_align_left et_pb_bg_layout_light\">\n\t\t\t\t\n\t\t\t\t\n\t\t\t\t\n\t\t\t\t\n\t\t\t\t<div class=\"et_pb_text_inner\"><h2><strong>Compression Boots<\/strong><\/h2><\/div>\n\t\t\t<\/div><div class=\"et_pb_module et_d4_element et_pb_image et_pb_image_2\">\n\t\t\t\t\n\t\t\t\t\n\t\t\t\t\n\t\t\t\t\n\t\t\t\t<span class=\"et_pb_image_wrap\"><img loading=\"lazy\" decoding=\"async\" width=\"2560\" height=\"1706\" src=\"https:\/\/ptacenter.com\/wp-content\/uploads\/2025\/08\/WX_0209f-scaled.jpg\" alt=\"\" title=\"_WX_0209f\" srcset=\"https:\/\/ptacenter.com\/wp-content\/uploads\/2025\/08\/WX_0209f-scaled.jpg 2560w, https:\/\/ptacenter.com\/wp-content\/uploads\/2025\/08\/WX_0209f-300x200.jpg 300w, https:\/\/ptacenter.com\/wp-content\/uploads\/2025\/08\/WX_0209f-1024x683.jpg 1024w, https:\/\/ptacenter.com\/wp-content\/uploads\/2025\/08\/WX_0209f-768x512.jpg 768w, https:\/\/ptacenter.com\/wp-content\/uploads\/2025\/08\/WX_0209f-1536x1024.jpg 1536w, https:\/\/ptacenter.com\/wp-content\/uploads\/2025\/08\/WX_0209f-2048x1365.jpg 2048w, https:\/\/ptacenter.com\/wp-content\/uploads\/2025\/08\/WX_0209f-1080x720.jpg 1080w, https:\/\/ptacenter.com\/wp-content\/uploads\/2025\/08\/WX_0209f-1280x853.jpg 1280w, https:\/\/ptacenter.com\/wp-content\/uploads\/2025\/08\/WX_0209f-980x653.jpg 980w, https:\/\/ptacenter.com\/wp-content\/uploads\/2025\/08\/WX_0209f-480x320.jpg 480w\" sizes=\"(max-width: 2560px) 100vw, 2560px\" class=\"wp-image-131\" \/><\/span>\n\t\t\t<\/div><div class=\"et_pb_module et_d4_element et_pb_text et_pb_text_5  et_pb_text_align_center et_pb_bg_layout_light\">\n\t\t\t\t\n\t\t\t\t\n\t\t\t\t\n\t\t\t\t\n\t\t\t\t<div class=\"et_pb_text_inner\"><p style=\"text-align: left;\">Unsere <strong data-start=\"93\" data-end=\"114\">Compression Boots<\/strong> unterst\u00fctzen die Regeneration nach Sport oder Belastung durch gezielten Druck auf Beine und Muskulatur. Sie f\u00f6rdern die Durchblutung, reduzieren Schwellungen und sorgen f\u00fcr ein sp\u00fcrbar leichtes, erholtes K\u00f6rpergef\u00fchl.<\/p><\/div>\n\t\t\t<\/div>\n\t\t\t<\/div><div class=\"et_d4_element et_pb_column_1_2 et_pb_column et_pb_column_3  et_pb_css_mix_blend_mode et-last-child et_block_column\">\n\t\t\t\t\n\t\t\t\t\n\t\t\t\t\n\t\t\t\t\n\t\t\t\t<div class=\"et_pb_module et_d4_element et_pb_text et_pb_text_6  et_pb_text_align_left et_pb_bg_layout_light\">\n\t\t\t\t\n\t\t\t\t\n\t\t\t\t\n\t\t\t\t\n\t\t\t\t<div class=\"et_pb_text_inner\"><h2><strong>Icebein<\/strong><\/h2><\/div>\n\t\t\t<\/div><div class=\"et_pb_module et_d4_element et_pb_image et_pb_image_3\">\n\t\t\t\t\n\t\t\t\t\n\t\t\t\t\n\t\t\t\t\n\t\t\t\t<span class=\"et_pb_image_wrap\"><img loading=\"lazy\" decoding=\"async\" width=\"2560\" height=\"1707\" src=\"https:\/\/ptacenter.com\/wp-content\/uploads\/2025\/08\/Z7A8607f-scaled.jpg\" alt=\"\" title=\"_Z7A8607f\" srcset=\"https:\/\/ptacenter.com\/wp-content\/uploads\/2025\/08\/Z7A8607f-scaled.jpg 2560w, https:\/\/ptacenter.com\/wp-content\/uploads\/2025\/08\/Z7A8607f-300x200.jpg 300w, https:\/\/ptacenter.com\/wp-content\/uploads\/2025\/08\/Z7A8607f-1024x683.jpg 1024w, https:\/\/ptacenter.com\/wp-content\/uploads\/2025\/08\/Z7A8607f-768x512.jpg 768w, https:\/\/ptacenter.com\/wp-content\/uploads\/2025\/08\/Z7A8607f-1536x1024.jpg 1536w, https:\/\/ptacenter.com\/wp-content\/uploads\/2025\/08\/Z7A8607f-2048x1365.jpg 2048w, https:\/\/ptacenter.com\/wp-content\/uploads\/2025\/08\/Z7A8607f-1080x720.jpg 1080w, https:\/\/ptacenter.com\/wp-content\/uploads\/2025\/08\/Z7A8607f-1280x854.jpg 1280w, https:\/\/ptacenter.com\/wp-content\/uploads\/2025\/08\/Z7A8607f-980x653.jpg 980w, https:\/\/ptacenter.com\/wp-content\/uploads\/2025\/08\/Z7A8607f-480x320.jpg 480w\" sizes=\"(max-width: 2560px) 100vw, 2560px\" class=\"wp-image-46\" \/><\/span>\n\t\t\t<\/div><div class=\"et_pb_module et_d4_element et_pb_text et_pb_text_7  et_pb_text_align_center et_pb_bg_layout_light\">\n\t\t\t\t\n\t\t\t\t\n\t\t\t\t\n\t\t\t\t\n\t\t\t\t<div class=\"et_pb_text_inner\"><p style=\"text-align: left;\">Mit <strong data-start=\"81\" data-end=\"92\">Icebein<\/strong> nutzen wir innovative K\u00e4ltetherapie, die den gesamten K\u00f6rper in wenigen Minuten effektiv regeneriert. Die Anwendung f\u00f6rdert die Durchblutung, reduziert Entz\u00fcndungen und sorgt f\u00fcr ein erfrischendes Gef\u00fchl von Energie und Leichtigkeit.<\/p>\n<h3 style=\"text-align: left;\"><\/h3><\/div>\n\t\t\t<\/div>\n\t\t\t<\/div>\n\t\t\t\t\n\t\t\t\t\n\t\t\t\t\n\t\t\t\t\n\t\t\t<\/div>\n\t\t\t\t\n\t\t\t\t\n\t\t\t<\/div><div class=\"et_d4_element et_pb_section et_pb_section_2 et_pb_with_background  et_pb_css_mix_blend_mode et_section_regular et_block_section\" >\n\t\t\t\t\n\t\t\t\t\n\t\t\t\t\n\t\t\t\t\n\t\t\t\t\n\t\t\t\t\n\t\t\t\t<div class=\"et_d4_element et_pb_row et_pb_row_2  et_pb_css_mix_blend_mode et_block_row\">\n\t\t\t\t<div class=\"et_d4_element et_pb_column_4_4 et_pb_column et_pb_column_4  et_pb_css_mix_blend_mode et-last-child et_block_column\">\n\t\t\t\t\n\t\t\t\t\n\t\t\t\t\n\t\t\t\t\n\t\t\t\t<div class=\"et_pb_module et_d4_element et_pb_text et_pb_text_8  et_pb_text_align_center et_pb_bg_layout_light\">\n\t\t\t\t\n\t\t\t\t\n\t\t\t\t\n\t\t\t\t\n\t\t\t\t<div class=\"et_pb_text_inner\"><h1>Contact form<\/h1><\/div>\n\t\t\t<\/div>\n\t\t\t<div id=\"et_pb_contact_form_0\" class=\"et_pb_with_border et_pb_module et_d4_element et_pb_contact_form_0 et_animated et_pb_contact_form_container clearfix et_block_module\" data-form_unique_num=\"0\" data-form_unique_id=\"\">\n\t\t\t\t\n\t\t\t\t\n\t\t\t\t\n\t\t\t\t\n\t\t\t\t\n\t\t\t\t<div class=\"et-pb-contact-message\"><\/div>\n\t\t\t\t\n\t\t\t\t<div class=\"et_pb_contact\">\n\t\t\t\t\t<form class=\"et_pb_contact_form clearfix\" method=\"post\" action=\"https:\/\/ptacenter.com\/en\/wp-json\/wp\/v2\/pages\/366\" data-trp-original-action=\"https:\/\/ptacenter.com\/en\/wp-json\/wp\/v2\/pages\/366\">\n\t\t\t\t\t\t<p class=\"et_d4_element et_pb_contact_field et_pb_contact_field_0 et_pb_contact_field_half\" data-id=\"name_2\" data-type=\"input\">\n\t\t\t\t\n\t\t\t\t\n\t\t\t\t\n\t\t\t\t\n\t\t\t\t<label for=\"et_pb_contact_name_2_0\" class=\"et_pb_contact_form_label\">Name<\/label>\n\t\t\t\t<input type=\"text\" id=\"et_pb_contact_name_2_0\" class=\"input\" value=\"\" name=\"et_pb_contact_name_2_0\" data-required_mark=\"required\" data-field_type=\"input\" data-original_id=\"name_2\" placeholder=\"Name\">\n\t\t\t<\/p><p class=\"et_d4_element et_pb_contact_field et_pb_contact_field_1 et_pb_contact_field_half et_pb_contact_field_last\" data-id=\"email\" data-type=\"input\">\n\t\t\t\t\n\t\t\t\t\n\t\t\t\t\n\t\t\t\t\n\t\t\t\t<label for=\"et_pb_contact_email_0\" class=\"et_pb_contact_form_label\">email<\/label>\n\t\t\t\t<input type=\"text\" id=\"et_pb_contact_email_0\" class=\"input\" value=\"\" name=\"et_pb_contact_email_0\" data-required_mark=\"required\" data-field_type=\"input\" data-original_id=\"email\" placeholder=\"email\">\n\t\t\t<\/p><p class=\"et_d4_element et_pb_contact_field et_pb_contact_field_2 et_pb_contact_field_half\" data-id=\"phone\" data-type=\"input\">\n\t\t\t\t\n\t\t\t\t\n\t\t\t\t\n\t\t\t\t\n\t\t\t\t<label for=\"et_pb_contact_phone_0\" class=\"et_pb_contact_form_label\">Phone<\/label>\n\t\t\t\t<input type=\"text\" id=\"et_pb_contact_phone_0\" class=\"input\" value=\"\" name=\"et_pb_contact_phone_0\" data-required_mark=\"required\" data-field_type=\"input\" data-original_id=\"phone\" placeholder=\"Phone\">\n\t\t\t<\/p><p class=\"et_d4_element et_pb_contact_field et_pb_contact_field_3 et_pb_contact_field_last\" data-id=\"message\" data-type=\"text\">\n\t\t\t\t\n\t\t\t\t\n\t\t\t\t\n\t\t\t\t\n\t\t\t\t<label for=\"et_pb_contact_message_0\" class=\"et_pb_contact_form_label\">Message<\/label>\n\t\t\t\t<textarea name=\"et_pb_contact_message_0\" id=\"et_pb_contact_message_0\" class=\"et_pb_contact_message input\" data-required_mark=\"required\" data-field_type=\"text\" data-original_id=\"message\" placeholder=\"Message\"><\/textarea>\n\t\t\t<\/p>\n\t\t\t\t\t\t<input type=\"hidden\" value=\"et_contact_proccess\" name=\"et_pb_contactform_submit_0\"\/>\n\t\t\t\t\t\t<div class=\"et_contact_bottom_container\">\n\t\t\t\t\t\t\t\n\t\t\t\t\t\t\t<button type=\"submit\" name=\"et_builder_submit_button\" class=\"et_pb_contact_submit et_pb_button\">Send<\/button>\n\t\t\t\t\t\t<\/div>\n\t\t\t\t\t\t<input type=\"hidden\" id=\"_wpnonce-et-pb-contact-form-submitted-0\" name=\"_wpnonce-et-pb-contact-form-submitted-0\" value=\"c11b9c5961\" \/><input type=\"hidden\" name=\"_wp_http_referer\" value=\"\/en\/wp-json\/wp\/v2\/pages\/366\" \/>\n\t\t\t\t\t<input type=\"hidden\" name=\"trp-form-language\" value=\"en\"\/><\/form>\n\t\t\t\t<\/div>\n\t\t\t<\/div>\n\t\t\t\n\t\t\t<\/div>\n\t\t\t\t\n\t\t\t\t\n\t\t\t\t\n\t\t\t\t\n\t\t\t<\/div>\n\t\t\t\t\n\t\t\t\t\n\t\t\t<\/div><\/p>","protected":false},"excerpt":{"rendered":"","protected":false},"author":1,"featured_media":0,"parent":0,"menu_order":0,"comment_status":"closed","ping_status":"closed","template":"","meta":{"om_disable_all_campaigns":false,"_monsterinsights_skip_tracking":false,"_monsterinsights_sitenote_active":false,"_monsterinsights_sitenote_note":"","_monsterinsights_sitenote_category":0,"_et_pb_use_builder":"on","_et_pb_old_content":"","_et_gb_content_width":"","footnotes":""},"class_list":["post-366","page","type-page","status-publish","hentry"],"aioseo_notices":[],"_links":{"self":[{"href":"https:\/\/ptacenter.com\/en\/wp-json\/wp\/v2\/pages\/366","targetHints":{"allow":["GET"]}}],"collection":[{"href":"https:\/\/ptacenter.com\/en\/wp-json\/wp\/v2\/pages"}],"about":[{"href":"https:\/\/ptacenter.com\/en\/wp-json\/wp\/v2\/types\/page"}],"author":[{"embeddable":true,"href":"https:\/\/ptacenter.com\/en\/wp-json\/wp\/v2\/users\/1"}],"replies":[{"embeddable":true,"href":"https:\/\/ptacenter.com\/en\/wp-json\/wp\/v2\/comments?post=366"}],"version-history":[{"count":8,"href":"https:\/\/ptacenter.com\/en\/wp-json\/wp\/v2\/pages\/366\/revisions"}],"predecessor-version":[{"id":564,"href":"https:\/\/ptacenter.com\/en\/wp-json\/wp\/v2\/pages\/366\/revisions\/564"}],"wp:attachment":[{"href":"https:\/\/ptacenter.com\/en\/wp-json\/wp\/v2\/media?parent=366"}],"curies":[{"name":"wp","href":"https:\/\/api.w.org\/{rel}","templated":true}]}}