{"id":383,"date":"2025-08-26T08:43:29","date_gmt":"2025-08-26T08:43:29","guid":{"rendered":"https:\/\/ptcenter.de\/?page_id=383"},"modified":"2025-09-09T11:12:56","modified_gmt":"2025-09-09T11:12:56","slug":"krankengymnastik-am-geraet-kgg","status":"publish","type":"page","link":"https:\/\/ptacenter.com\/en\/krankengymnastik-am-geraet-kgg\/","title":{"rendered":"Krankengymnastik am Ger\u00e4t (KGG)"},"content":{"rendered":"<p><div class=\"et_d4_element et_pb_section et_pb_section_0 et_pb_section_parallax et_pb_with_background  et_pb_css_mix_blend_mode et_pb_fullwidth_section et_section_regular et_block_section\" >\n\t\t\t\t\n\t\t\t\t<span class=\"et_parallax_bg_wrap et-pb-parallax-wrapper\"><span\n\t\t\t\t\t\tclass=\"et_parallax_bg et_parallax_bg--et_pb_section_0\"\n\t\t\t\t\t\tstyle=\"background-image: url(https:\/\/ptacenter.com\/wp-content\/uploads\/2025\/08\/Z7A8254f-scaled.jpg);\"\n\t\t\t\t\t><\/span><\/span>\n\t\t\t\t\n\t\t\t\t\n\t\t\t\t\n\t\t\t\t\n\t\t\t\t<section class=\"et_pb_module et_d4_element et_pb_fullwidth_header et_pb_fullwidth_header_0 et_hover_enabled  et_pb_css_mix_blend_mode et_pb_text_align_left et_pb_bg_layout_light\">\n\t\t\t\t\n\t\t\t\t\n\t\t\t\t\n\t\t\t\t\n\t\t\t\t<div class=\"et_pb_fullwidth_header_container left\">\n\t\t\t\t\t<div class=\"header-content-container center\">\n\t\t\t\t\t<div class=\"header-content\">\n\t\t\t\t\t\t\n\t\t\t\t\t\t<h1 class=\"et_pb_module_header\">Krankengymnastik am Ger\u00e4t (KGG)<\/h1>\n\t\t\t\t\t\t\n\t\t\t\t\t\t<div class=\"et_pb_header_content_wrapper\"><\/div>\n\t\t\t\t\t\t\n\t\t\t\t\t<\/div>\n\t\t\t\t<\/div>\n\t\t\t\t\t\n\t\t\t\t<\/div>\n\t\t\t\t<div class=\"et_pb_fullwidth_header_overlay\"><\/div>\n\t\t\t\t<div class=\"et_pb_fullwidth_header_scroll\"><\/div>\n\t\t\t<\/section>\n\t\t\t\t\n\t\t\t\t\n\t\t\t<\/div><div class=\"et_d4_element et_pb_section et_pb_section_1 et_pb_with_background  et_pb_css_mix_blend_mode et_section_regular et_block_section\" >\n\t\t\t\t\n\t\t\t\t\n\t\t\t\t\n\t\t\t\t\n\t\t\t\t\n\t\t\t\t\n\t\t\t\t<div class=\"et_d4_element et_pb_row et_pb_row_0  et_pb_css_mix_blend_mode et_block_row\">\n\t\t\t\t<div class=\"et_d4_element et_pb_column_4_4 et_pb_column et_pb_column_0  et_pb_css_mix_blend_mode et-last-child et_block_column\">\n\t\t\t\t\n\t\t\t\t\n\t\t\t\t\n\t\t\t\t\n\t\t\t\t<div class=\"et_pb_module et_d4_element et_pb_text et_pb_text_0  et_pb_text_align_left et_pb_bg_layout_light\">\n\t\t\t\t\n\t\t\t\t\n\t\t\t\t\n\t\t\t\t\n\t\t\t\t<div class=\"et_pb_text_inner\"><h2><strong>Krankengymnastik am Ger\u00e4t (KGG)<\/strong><\/h2><\/div>\n\t\t\t<\/div><div class=\"et_pb_module et_d4_element et_pb_text et_pb_text_1  et_pb_text_align_center et_pb_bg_layout_light\">\n\t\t\t\t\n\t\t\t\t\n\t\t\t\t\n\t\t\t\t\n\t\t\t\t<div class=\"et_pb_text_inner\"><h3 data-start=\"2861\" data-end=\"3154\" style=\"text-align: left;\">Die Krankengymnastik am Ger\u00e4t (KGG) ist eine aktive Trainingsform, die an speziellen medizinischen Trainingsger\u00e4ten durchgef\u00fchrt wird. Sie kombiniert die Prinzipien der klassischen Krankengymnastik mit gezieltem Kraft- und Ausdauertraining, das unter physiotherapeutischer Anleitung erfolgt.<\/h3>\n<h3 data-start=\"3156\" data-end=\"3547\" style=\"text-align: left;\">Besonders nach Operationen oder Verletzungen \u2013 etwa bei Knie- oder H\u00fcftgelenkersatz oder nach Kreuzbandoperationen \u2013 tr\u00e4gt KGG entscheidend zur <strong data-start=\"3300\" data-end=\"3339\">Wiederherstellung der Belastbarkeit<\/strong> bei. Aber auch bei chronischen R\u00fcckenbeschwerden, Arthrose oder Haltungsproblemen ist das Training sinnvoll, da es gezielt Muskeln st\u00e4rkt, Fehlhaltungen ausgleicht und die Belastbarkeit der Gelenke erh\u00f6ht.<\/h3>\n<h3 data-start=\"3549\" data-end=\"4077\" style=\"text-align: left;\">Ein besonderer Vorteil der KGG ist die <strong data-start=\"3588\" data-end=\"3633\">individuelle Anpassung des Trainingsplans<\/strong>: Nach einer Eingangsanalyse erstellt der Therapeut ein Programm, das auf die jeweilige Diagnose, die k\u00f6rperliche Konstitution und die pers\u00f6nlichen Ziele abgestimmt ist. Durch die Kombination aus kontrolliertem Muskelaufbau, Koordinationstraining und Mobilit\u00e4ts\u00fcbungen wird nicht nur die Heilung unterst\u00fctzt, sondern auch das Risiko erneuter Verletzungen verringert. Damit ist KGG eine wichtige Ma\u00dfnahme zur <strong data-start=\"4041\" data-end=\"4074\">Pr\u00e4vention und Rehabilitation<\/strong>.<\/h3><\/div>\n\t\t\t<\/div>\n\t\t\t<\/div>\n\t\t\t\t\n\t\t\t\t\n\t\t\t\t\n\t\t\t\t\n\t\t\t<\/div>\n\t\t\t\t\n\t\t\t\t\n\t\t\t<\/div><\/p>","protected":false},"excerpt":{"rendered":"","protected":false},"author":1,"featured_media":0,"parent":0,"menu_order":0,"comment_status":"closed","ping_status":"closed","template":"","meta":{"_et_pb_use_builder":"on","_et_pb_old_content":"","_et_gb_content_width":"","footnotes":""},"class_list":["post-383","page","type-page","status-publish","hentry"],"aioseo_notices":[],"_links":{"self":[{"href":"https:\/\/ptacenter.com\/en\/wp-json\/wp\/v2\/pages\/383","targetHints":{"allow":["GET"]}}],"collection":[{"href":"https:\/\/ptacenter.com\/en\/wp-json\/wp\/v2\/pages"}],"about":[{"href":"https:\/\/ptacenter.com\/en\/wp-json\/wp\/v2\/types\/page"}],"author":[{"embeddable":true,"href":"https:\/\/ptacenter.com\/en\/wp-json\/wp\/v2\/users\/1"}],"replies":[{"embeddable":true,"href":"https:\/\/ptacenter.com\/en\/wp-json\/wp\/v2\/comments?post=383"}],"version-history":[{"count":4,"href":"https:\/\/ptacenter.com\/en\/wp-json\/wp\/v2\/pages\/383\/revisions"}],"predecessor-version":[{"id":522,"href":"https:\/\/ptacenter.com\/en\/wp-json\/wp\/v2\/pages\/383\/revisions\/522"}],"wp:attachment":[{"href":"https:\/\/ptacenter.com\/en\/wp-json\/wp\/v2\/media?parent=383"}],"curies":[{"name":"wp","href":"https:\/\/api.w.org\/{rel}","templated":true}]}}