{"id":387,"date":"2025-08-26T08:47:22","date_gmt":"2025-08-26T08:47:22","guid":{"rendered":"https:\/\/ptcenter.de\/?page_id=387"},"modified":"2025-09-09T11:13:54","modified_gmt":"2025-09-09T11:13:54","slug":"manuelle-lymphdrainage-mld","status":"publish","type":"page","link":"https:\/\/ptacenter.com\/en\/manuelle-lymphdrainage-mld\/","title":{"rendered":"Manuelle Lymphdrainage (MLD)"},"content":{"rendered":"<p><div class=\"et_d4_element et_pb_section et_pb_section_0 et_pb_section_parallax et_pb_with_background  et_pb_css_mix_blend_mode et_pb_fullwidth_section et_section_regular et_block_section\" >\n\t\t\t\t\n\t\t\t\t<span class=\"et_parallax_bg_wrap et-pb-parallax-wrapper\"><span\n\t\t\t\t\t\tclass=\"et_parallax_bg et_parallax_bg--et_pb_section_0\"\n\t\t\t\t\t\tstyle=\"background-image: url(https:\/\/ptacenter.com\/wp-content\/uploads\/2025\/08\/Z7A4718f-scaled.jpg);\"\n\t\t\t\t\t><\/span><\/span>\n\t\t\t\t\n\t\t\t\t\n\t\t\t\t\n\t\t\t\t\n\t\t\t\t<section class=\"et_pb_module et_d4_element et_pb_fullwidth_header et_pb_fullwidth_header_0 et_hover_enabled  et_pb_css_mix_blend_mode et_pb_text_align_left et_pb_bg_layout_light\">\n\t\t\t\t\n\t\t\t\t\n\t\t\t\t\n\t\t\t\t\n\t\t\t\t<div class=\"et_pb_fullwidth_header_container left\">\n\t\t\t\t\t<div class=\"header-content-container center\">\n\t\t\t\t\t<div class=\"header-content\">\n\t\t\t\t\t\t\n\t\t\t\t\t\t<h1 class=\"et_pb_module_header\">Manuelle Lymphdrainage (MLD)<\/h1>\n\t\t\t\t\t\t\n\t\t\t\t\t\t<div class=\"et_pb_header_content_wrapper\"><\/div>\n\t\t\t\t\t\t\n\t\t\t\t\t<\/div>\n\t\t\t\t<\/div>\n\t\t\t\t\t\n\t\t\t\t<\/div>\n\t\t\t\t<div class=\"et_pb_fullwidth_header_overlay\"><\/div>\n\t\t\t\t<div class=\"et_pb_fullwidth_header_scroll\"><\/div>\n\t\t\t<\/section>\n\t\t\t\t\n\t\t\t\t\n\t\t\t<\/div><div class=\"et_d4_element et_pb_section et_pb_section_1 et_pb_with_background  et_pb_css_mix_blend_mode et_section_regular et_block_section\" >\n\t\t\t\t\n\t\t\t\t\n\t\t\t\t\n\t\t\t\t\n\t\t\t\t\n\t\t\t\t\n\t\t\t\t<div class=\"et_d4_element et_pb_row et_pb_row_0  et_pb_css_mix_blend_mode et_block_row\">\n\t\t\t\t<div class=\"et_d4_element et_pb_column_4_4 et_pb_column et_pb_column_0  et_pb_css_mix_blend_mode et-last-child et_block_column\">\n\t\t\t\t\n\t\t\t\t\n\t\t\t\t\n\t\t\t\t\n\t\t\t\t<div class=\"et_pb_module et_d4_element et_pb_text et_pb_text_0  et_pb_text_align_left et_pb_bg_layout_light\">\n\t\t\t\t\n\t\t\t\t\n\t\t\t\t\n\t\t\t\t\n\t\t\t\t<div class=\"et_pb_text_inner\"><h2><strong>Manuelle Lymphdrainage (MLD)<\/strong><\/h2><\/div>\n\t\t\t<\/div><div class=\"et_pb_module et_d4_element et_pb_text et_pb_text_1  et_pb_text_align_center et_pb_bg_layout_light\">\n\t\t\t\t\n\t\t\t\t\n\t\t\t\t\n\t\t\t\t\n\t\t\t\t<div class=\"et_pb_text_inner\"><h3 data-start=\"4116\" data-end=\"4395\" style=\"text-align: left;\">Die manuelle Lymphdrainage ist eine besonders sanfte Therapieform, die darauf abzielt, den Abfluss von Lymphfl\u00fcssigkeit im Gewebe zu f\u00f6rdern. Durch rhythmische, kreisende Handgriffe wird das Lymphsystem aktiviert, Schwellungen werden reduziert und der Stoffwechsel unterst\u00fctzt.<\/h3>\n<h3 data-start=\"4397\" data-end=\"4751\" style=\"text-align: left;\">Diese Therapie ist vor allem nach Operationen, Verletzungen oder bei chronischen Erkrankungen wie Lymph\u00f6demen von gro\u00dfer Bedeutung. H\u00e4ufig tritt ein Lymphstau nach Krebsoperationen oder nach gr\u00f6\u00dferen Gelenkeingriffen auf. Mit der manuellen Lymphdrainage k\u00f6nnen <strong data-start=\"4658\" data-end=\"4741\">Schmerzen gelindert, Heilungsprozesse beschleunigt und das Immunsystem gest\u00e4rkt<\/strong> werden.<\/h3>\n<h3 data-start=\"4753\" data-end=\"5136\" style=\"text-align: left;\">Neben der medizinischen Wirkung tr\u00e4gt die Lymphdrainage auch zu einem Gef\u00fchl der Entspannung und Leichtigkeit bei. Unsere Therapeut:innen sind speziell geschult und wenden die Technik behutsam und gezielt an, um bestm\u00f6gliche Ergebnisse zu erzielen. So wird die Behandlung nicht nur zur <strong data-start=\"5039\" data-end=\"5060\">Symptombehandlung<\/strong>, sondern auch zu einem wichtigen Beitrag f\u00fcr das allgemeine Wohlbefinden.<\/h3><\/div>\n\t\t\t<\/div>\n\t\t\t<\/div>\n\t\t\t\t\n\t\t\t\t\n\t\t\t\t\n\t\t\t\t\n\t\t\t<\/div>\n\t\t\t\t\n\t\t\t\t\n\t\t\t<\/div><div class=\"et_d4_element et_pb_section et_pb_section_2 et_pb_with_background  et_pb_css_mix_blend_mode et_section_regular et_block_section\" >\n\t\t\t\t\n\t\t\t\t\n\t\t\t\t\n\t\t\t\t\n\t\t\t\t\n\t\t\t\t\n\t\t\t\t<div class=\"et_d4_element et_pb_row et_pb_row_1  et_pb_css_mix_blend_mode et_block_row\">\n\t\t\t\t<div class=\"et_d4_element et_pb_column_4_4 et_pb_column et_pb_column_1  et_pb_css_mix_blend_mode et-last-child et_block_column\">\n\t\t\t\t\n\t\t\t\t\n\t\t\t\t\n\t\t\t\t\n\t\t\t\t<div class=\"et_pb_module et_d4_element et_pb_text et_pb_text_2  et_pb_text_align_center et_pb_bg_layout_light\">\n\t\t\t\t\n\t\t\t\t\n\t\t\t\t\n\t\t\t\t\n\t\t\t\t<div class=\"et_pb_text_inner\"><h1>Contact form<\/h1><\/div>\n\t\t\t<\/div>\n\t\t\t<div id=\"et_pb_contact_form_0\" class=\"et_pb_with_border et_pb_module et_d4_element et_pb_contact_form_0 et_animated et_pb_contact_form_container clearfix et_block_module\" data-form_unique_num=\"0\" data-form_unique_id=\"\">\n\t\t\t\t\n\t\t\t\t\n\t\t\t\t\n\t\t\t\t\n\t\t\t\t\n\t\t\t\t<div class=\"et-pb-contact-message\"><\/div>\n\t\t\t\t\n\t\t\t\t<div class=\"et_pb_contact\">\n\t\t\t\t\t<form class=\"et_pb_contact_form clearfix\" method=\"post\" action=\"https:\/\/ptacenter.com\/en\/wp-json\/wp\/v2\/pages\/387\" data-trp-original-action=\"https:\/\/ptacenter.com\/en\/wp-json\/wp\/v2\/pages\/387\">\n\t\t\t\t\t\t<p class=\"et_d4_element et_pb_contact_field et_pb_contact_field_0 et_pb_contact_field_half\" data-id=\"name_2\" data-type=\"input\">\n\t\t\t\t\n\t\t\t\t\n\t\t\t\t\n\t\t\t\t\n\t\t\t\t<label for=\"et_pb_contact_name_2_0\" class=\"et_pb_contact_form_label\">Name<\/label>\n\t\t\t\t<input type=\"text\" id=\"et_pb_contact_name_2_0\" class=\"input\" value=\"\" name=\"et_pb_contact_name_2_0\" data-required_mark=\"required\" data-field_type=\"input\" data-original_id=\"name_2\" placeholder=\"Name\">\n\t\t\t<\/p><p class=\"et_d4_element et_pb_contact_field et_pb_contact_field_1 et_pb_contact_field_half et_pb_contact_field_last\" data-id=\"email\" data-type=\"input\">\n\t\t\t\t\n\t\t\t\t\n\t\t\t\t\n\t\t\t\t\n\t\t\t\t<label for=\"et_pb_contact_email_0\" class=\"et_pb_contact_form_label\">email<\/label>\n\t\t\t\t<input type=\"text\" id=\"et_pb_contact_email_0\" class=\"input\" value=\"\" name=\"et_pb_contact_email_0\" data-required_mark=\"required\" data-field_type=\"input\" data-original_id=\"email\" placeholder=\"email\">\n\t\t\t<\/p><p class=\"et_d4_element et_pb_contact_field et_pb_contact_field_2 et_pb_contact_field_half\" data-id=\"phone\" data-type=\"input\">\n\t\t\t\t\n\t\t\t\t\n\t\t\t\t\n\t\t\t\t\n\t\t\t\t<label for=\"et_pb_contact_phone_0\" class=\"et_pb_contact_form_label\">Phone<\/label>\n\t\t\t\t<input type=\"text\" id=\"et_pb_contact_phone_0\" class=\"input\" value=\"\" name=\"et_pb_contact_phone_0\" data-required_mark=\"required\" data-field_type=\"input\" data-original_id=\"phone\" placeholder=\"Phone\">\n\t\t\t<\/p><p class=\"et_d4_element et_pb_contact_field et_pb_contact_field_3 et_pb_contact_field_last\" data-id=\"message\" data-type=\"text\">\n\t\t\t\t\n\t\t\t\t\n\t\t\t\t\n\t\t\t\t\n\t\t\t\t<label for=\"et_pb_contact_message_0\" class=\"et_pb_contact_form_label\">Message<\/label>\n\t\t\t\t<textarea name=\"et_pb_contact_message_0\" id=\"et_pb_contact_message_0\" class=\"et_pb_contact_message input\" data-required_mark=\"required\" data-field_type=\"text\" data-original_id=\"message\" placeholder=\"Message\"><\/textarea>\n\t\t\t<\/p>\n\t\t\t\t\t\t<input type=\"hidden\" value=\"et_contact_proccess\" name=\"et_pb_contactform_submit_0\"\/>\n\t\t\t\t\t\t<div class=\"et_contact_bottom_container\">\n\t\t\t\t\t\t\t\n\t\t\t\t\t\t\t<button type=\"submit\" name=\"et_builder_submit_button\" class=\"et_pb_contact_submit et_pb_button\">Send<\/button>\n\t\t\t\t\t\t<\/div>\n\t\t\t\t\t\t<input type=\"hidden\" id=\"_wpnonce-et-pb-contact-form-submitted-0\" name=\"_wpnonce-et-pb-contact-form-submitted-0\" value=\"2ace80634c\" \/><input type=\"hidden\" name=\"_wp_http_referer\" value=\"\/en\/wp-json\/wp\/v2\/pages\/387\" \/>\n\t\t\t\t\t<input type=\"hidden\" name=\"trp-form-language\" value=\"en\"\/><\/form>\n\t\t\t\t<\/div>\n\t\t\t<\/div>\n\t\t\t\n\t\t\t<\/div>\n\t\t\t\t\n\t\t\t\t\n\t\t\t\t\n\t\t\t\t\n\t\t\t<\/div>\n\t\t\t\t\n\t\t\t\t\n\t\t\t<\/div><\/p>","protected":false},"excerpt":{"rendered":"","protected":false},"author":1,"featured_media":0,"parent":0,"menu_order":0,"comment_status":"closed","ping_status":"closed","template":"","meta":{"om_disable_all_campaigns":false,"_monsterinsights_skip_tracking":false,"_monsterinsights_sitenote_active":false,"_monsterinsights_sitenote_note":"","_monsterinsights_sitenote_category":0,"_et_pb_use_builder":"on","_et_pb_old_content":"","_et_gb_content_width":"","footnotes":""},"class_list":["post-387","page","type-page","status-publish","hentry"],"aioseo_notices":[],"_links":{"self":[{"href":"https:\/\/ptacenter.com\/en\/wp-json\/wp\/v2\/pages\/387","targetHints":{"allow":["GET"]}}],"collection":[{"href":"https:\/\/ptacenter.com\/en\/wp-json\/wp\/v2\/pages"}],"about":[{"href":"https:\/\/ptacenter.com\/en\/wp-json\/wp\/v2\/types\/page"}],"author":[{"embeddable":true,"href":"https:\/\/ptacenter.com\/en\/wp-json\/wp\/v2\/users\/1"}],"replies":[{"embeddable":true,"href":"https:\/\/ptacenter.com\/en\/wp-json\/wp\/v2\/comments?post=387"}],"version-history":[{"count":4,"href":"https:\/\/ptacenter.com\/en\/wp-json\/wp\/v2\/pages\/387\/revisions"}],"predecessor-version":[{"id":523,"href":"https:\/\/ptacenter.com\/en\/wp-json\/wp\/v2\/pages\/387\/revisions\/523"}],"wp:attachment":[{"href":"https:\/\/ptacenter.com\/en\/wp-json\/wp\/v2\/media?parent=387"}],"curies":[{"name":"wp","href":"https:\/\/api.w.org\/{rel}","templated":true}]}}