{"id":430,"date":"2025-08-26T13:05:13","date_gmt":"2025-08-26T13:05:13","guid":{"rendered":"https:\/\/ptcenter.de\/?page_id=430"},"modified":"2025-08-26T13:07:32","modified_gmt":"2025-08-26T13:07:32","slug":"impressum","status":"publish","type":"page","link":"https:\/\/ptacenter.com\/en\/impressum\/","title":{"rendered":"Imprint"},"content":{"rendered":"[et_pb_section fb_built=&#8220;1&#8243; theme_builder_area=&#8220;post_content&#8220; _builder_version=&#8220;4.27.4&#8243; _module_preset=&#8220;default&#8220;][\/et_pb_section][et_pb_section fb_built=&#8220;1&#8243; admin_label=&#8220;section&#8220; _builder_version=&#8220;4.16&#8243; global_colors_info=&#8220;{}&#8220; theme_builder_area=&#8220;post_content&#8220;][et_pb_row admin_label=&#8220;row&#8220; _builder_version=&#8220;4.16&#8243; background_size=&#8220;initial&#8220; background_position=&#8220;top_left&#8220; background_repeat=&#8220;repeat&#8220; global_colors_info=&#8220;{}&#8220; theme_builder_area=&#8220;post_content&#8220;][et_pb_column type=&#8220;4_4&#8243; _builder_version=&#8220;4.16&#8243; custom_padding=&#8220;|||&#8220; global_colors_info=&#8220;{}&#8220; custom_padding__hover=&#8220;|||&#8220; theme_builder_area=&#8220;post_content&#8220;][et_pb_text admin_label=&#8220;Text&#8220; _builder_version=&#8220;4.27.4&#8243; background_size=&#8220;initial&#8220; background_position=&#8220;top_left&#8220; background_repeat=&#8220;repeat&#8220; hover_enabled=&#8220;0&#8243; global_colors_info=&#8220;{}&#8220; theme_builder_area=&#8220;post_content&#8220; sticky_enabled=&#8220;0&#8243;]<h2><strong>Impressum<\/strong><\/h2>\n<h2 class=\"wp-block-heading\"><span><\/span><\/h2>\n<h2><span>Angaben gem\u00e4\u00df \u00a7 5 TMG<\/span><\/h2>\n<p>PTA Center GmbH<br \/>Kriegerstra\u00dfe 3<br \/>70191 Stuttgart<\/p>\n<p>Handelsregister: HRB 791551<br \/>Registergericht: Amtsgericht Stuttgart<\/p>\n<p><strong>Vertreten durch:<\/strong><br \/>Sonja Konrad<br \/>Panagiotis Ntounas<\/p>\n<h2><span>Kontakt<\/span><\/h2>\n<p>Telefon: +49 (0)711 912 891 36<br \/>E-Mail: info@ptacenter.com<\/p>\n<h2><span>Aufsichtsbeh\u00f6rde<\/span><\/h2>\n<p>Regierungspr\u00e4sidium Stuttgart<br \/>Ruppmannstra\u00dfe 21<br \/>70565 Stuttgart<\/p>\n<p><a href=\"https:\/\/rp.baden-wuerttemberg.de\/\" target=\"_blank\" rel=\"noopener noreferrer\">https:\/\/rp.baden-wuerttemberg.de\/<\/a><\/p>\n<p><strong>Verantwortlich f\u00fcr\u00a0die Inhalte der\u00a0Website:<\/strong><\/p>\n<p>PTA Center GmbH<br \/>Kriegerstra\u00dfe 3<br \/>70191 Stuttgart<br \/>Deutschland<\/p>\n<p><strong>Verantwortlicher i.S.v. \u00a7 55 Abs. 2 RStV:<\/strong><\/p>\n<p>PTA Center GmbH<br \/>Kriegerstra\u00dfe 3<br \/>70191 Stuttgart<br \/>Deutschland<\/p>\n<p><\/p>[\/et_pb_text][\/et_pb_column][\/et_pb_row][\/et_pb_section]","protected":false},"excerpt":{"rendered":"<p>Impressum Angaben gem\u00e4\u00df \u00a7 5 TMG PTA Center GmbHKriegerstra\u00dfe 370191 Stuttgart Handelsregister: HRB 791551Registergericht: Amtsgericht Stuttgart Vertreten durch:Sonja KonradPanagiotis Ntounas Kontakt Telefon: +49 (0)711 912 891 36E-Mail: info@ptacenter.com Aufsichtsbeh\u00f6rde Regierungspr\u00e4sidium StuttgartRuppmannstra\u00dfe 2170565 Stuttgart https:\/\/rp.baden-wuerttemberg.de\/ Verantwortlich f\u00fcr\u00a0die Inhalte der\u00a0Website: PTA Center GmbHKriegerstra\u00dfe 370191 StuttgartDeutschland Verantwortlicher i.S.v. \u00a7 55 Abs. 2 RStV: PTA Center GmbHKriegerstra\u00dfe 370191 StuttgartDeutschland<\/p>","protected":false},"author":1,"featured_media":0,"parent":0,"menu_order":0,"comment_status":"closed","ping_status":"closed","template":"","meta":{"_et_pb_use_builder":"on","_et_pb_old_content":"","_et_gb_content_width":"","om_disable_all_campaigns":false,"_monsterinsights_skip_tracking":false,"_monsterinsights_sitenote_active":false,"_monsterinsights_sitenote_note":"","_monsterinsights_sitenote_category":0,"footnotes":""},"class_list":["post-430","page","type-page","status-publish","hentry"],"aioseo_notices":[],"_links":{"self":[{"href":"https:\/\/ptacenter.com\/en\/wp-json\/wp\/v2\/pages\/430","targetHints":{"allow":["GET"]}}],"collection":[{"href":"https:\/\/ptacenter.com\/en\/wp-json\/wp\/v2\/pages"}],"about":[{"href":"https:\/\/ptacenter.com\/en\/wp-json\/wp\/v2\/types\/page"}],"author":[{"embeddable":true,"href":"https:\/\/ptacenter.com\/en\/wp-json\/wp\/v2\/users\/1"}],"replies":[{"embeddable":true,"href":"https:\/\/ptacenter.com\/en\/wp-json\/wp\/v2\/comments?post=430"}],"version-history":[{"count":2,"href":"https:\/\/ptacenter.com\/en\/wp-json\/wp\/v2\/pages\/430\/revisions"}],"predecessor-version":[{"id":432,"href":"https:\/\/ptacenter.com\/en\/wp-json\/wp\/v2\/pages\/430\/revisions\/432"}],"wp:attachment":[{"href":"https:\/\/ptacenter.com\/en\/wp-json\/wp\/v2\/media?parent=430"}],"curies":[{"name":"wp","href":"https:\/\/api.w.org\/{rel}","templated":true}]}}